{"id":205,"date":"2025-09-12T11:48:48","date_gmt":"2025-09-12T11:48:48","guid":{"rendered":"https:\/\/hapnikuteraapiakeskus.ee\/?page_id=205"},"modified":"2025-10-15T12:11:02","modified_gmt":"2025-10-15T12:11:02","slug":"teenuse-osutamise-tingimused","status":"publish","type":"page","link":"https:\/\/hapnikuteraapiakeskus.ee\/en\/teenuse-osutamise-tingimused\/","title":{"rendered":"Teenuse osutamise tingimused"},"content":{"rendered":"<div class=\"wp-block-group alignfull has-background-background-color has-background has-global-padding is-layout-constrained wp-container-core-group-is-layout-fb85e995 wp-block-group-is-layout-constrained\" style=\"margin-top:0;margin-bottom:0;padding-top:var(--wp--preset--spacing--60);padding-right:var(--wp--preset--spacing--30);padding-bottom:var(--wp--preset--spacing--60);padding-left:var(--wp--preset--spacing--30)\">\n<p><strong>Hapnikuteraapia keskuse teenuse osutamise tingimused<\/strong><\/p>\n\n\n\n<hr class=\"wp-block-separator has-alpha-channel-opacity\"\/>\n\n\n\n<p><strong>1. \u00dcldtingimused<\/strong><\/p>\n\n\n\n<p>1.1 K\u00e4esolevad\u00a0(tervishoiu)teenuse osutamise \u00fcldtingimused (edaspidi\u00a0<strong>Tingimused<\/strong>) reguleerivad kliendi ja\u00a0teenuse osutaja \u00f5iguseid, kohustusi ja vastutust\u00a0teenuste (edaspidi\u00a0<strong>Teenused<\/strong>) osutamisel Hapnikuteraapia keskuse (edaspidi\u00a0<strong>Keskus)<\/strong>\u00a0poolt.<\/p>\n\n\n\n<p>1.2 Tingimused kuuluvad Keskuse\u00a0ja\u00a0Kliendi (edaspidi\u00a0<strong>Klient<\/strong>) vahel s\u00f5lmitava\u00a0teenuse osutamise lepingu (edaspidi\u00a0<strong>Leping<\/strong>) juurde ning on selle lahutamatu osa.\u00a0Lepingu s\u00f5lmimiseks loetakse kliendi enda v\u00f5i t\u00f6\u00f6taja poolt kliendile aja broneerimist.\u00a0<\/p>\n\n\n\n<p>1.3 Teenuste hulka kuulub baroteraapia ehk hapnikuteraapia pakkumine barokambris. <\/p>\n\n\n\n<p><strong>2. Teenuse osutamise kord<\/strong><\/p>\n\n\n\n<p>2.1 Keskus\u00a0osutab\u00a0Kliendile\u00a0Teenuseid eelnevalt kokkulepitud ajal ja kohas. Keskuse\u00a0Teenuste saamiseks\u00a0broneerib Klient\u00a0endale aja endale sobivalt  meie kodulehel<a href=\"https:\/\/hapnikuteraapiakeskus.ee\/wp-admin\/post.php?post=38&amp;action=edit\" title=\"\">,<\/a>\u00a0telefoni v\u00f5i e-posti\u00a0teel. Korduvaid aegasid on v\u00f5imalik broneerida ka meie t\u00f6\u00f6taja kaudu eelneva teenuse eel v\u00f5i j\u00e4rel. Kui klient\u00a0on\u00a0aja broneerinud, arvestatakse, et Keskuse ja Kliendi vahel on\u00a0s\u00f5lmitud\u00a0Leping.<\/p>\n\n\n\n<p>2.2\u00a0Kliendil\u00a0on \u00f5igus oma vastuv\u00f5tuaeg t\u00fchistada kuni 24 tundi enne planeeritud vastuv\u00f5tuaega. Kui\u00a0Klient\u00a0t\u00fchistab vastuv\u00f5tuaja v\u00e4hem kui 24 tundi enne planeeritud vastuv\u00f5tuaega v\u00f5i ei ilmu kohale, siis\u00a0tuleb tal tasuda teenuse summa 100% ulatuses. Kliendile saadetakse sellekohane arve. <\/p>\n\n\n\n<p>2.3\u00a0Klient\u00a0on kohustatud andma Keskusele\u00a0t\u00f5est ja t\u00e4ielikku informatsiooni enda terviseseisundi kohta\u00a0ning\u00a0Teenuse osutamise eelselt t\u00e4itma esmase\u00a0vastuv\u00f5tu eelselt\u00a0infolehe.<\/p>\n\n\n\n<p><strong>3.&nbsp;Kliendi&nbsp;\u00f5igused ja kohustused<\/strong><\/p>\n\n\n\n<p><strong>3.1&nbsp;Kliendil&nbsp;on \u00f5igus:<\/strong><\/p>\n\n\n\n<p>3.1.1&nbsp;saada teavet Teenuse olemusest&nbsp;ja&nbsp;ohtudest.&nbsp;Info v\u00f5ib olla&nbsp;edastatud&nbsp;suuliselt.<\/p>\n\n\n\n<p>3.1.2\u00a0v\u00f5tta tagasi Teenuse osutamiseks antud n\u00f5usoleku.\u00a0Kui\u00a0Klient\u00a0v\u00f5tab n\u00f5usoleku tagasi v\u00e4hem kui 24 tundi enne planeeritud Teenuse osutamise aega, ei m\u00f5juta n\u00f5usoleku tagasiv\u00f5tmine Teenuse eest esitatava arve tasumise kohustust.<\/p>\n\n\n\n<p><strong>3.2&nbsp;Klient&nbsp;kohustub:<\/strong><\/p>\n\n\n\n<p>3.2.1&nbsp;&nbsp;andma Keskusele&nbsp;t\u00f5ese ja t\u00e4ieliku informatsiooni oma terviseseisundi kohta,&nbsp;ja t\u00e4itma protseduuri eelnevalt infolehe;<\/p>\n\n\n\n<p>3.2.2\u00a0ilmuma teenusele\u00a0broneeritud\u00a0ajal;<\/p>\n\n\n\n<p>3.2.3&nbsp;t\u00e4itma t\u00e4pselt Teenuse osutamisel antud juhiseid;<\/p>\n\n\n\n<p>3.2.4&nbsp;informeerima koheselt Keskuse t\u00f6\u00f6tajat&nbsp;Teenuse&nbsp;k\u00e4igus&nbsp;tekkinud komplikatsioonidest;<\/p>\n\n\n\n<p>3.2.5\u00a0maksma Keskusele\u00a0tasu vastavalt\u00a0tarbitud teenusele ja hinnakirjale.<\/p>\n\n\n\n<p>3.2.6&nbsp;t\u00e4itma Keskuse&nbsp;sisekorra eeskirju ja arvestama teiste&nbsp;Klientide&nbsp;\u00f5iguste ja huvidega.<\/p>\n\n\n\n<p><strong>4. Keskuse&nbsp;\u00f5igused ja kohustused<\/strong><\/p>\n\n\n\n<p><strong>4.1 Keskusel&nbsp;on \u00f5igus:<\/strong><\/p>\n\n\n\n<p>4.1.1&nbsp;n\u00f5uda&nbsp;Kliendilt&nbsp;t\u00f5est ja t\u00e4ielikku informatsiooni&nbsp;Kliendi&nbsp;terviseseisundi kohta;<\/p>\n\n\n\n<p>4.1.2\u00a0kehtestada sisekord, mis reguleerib\u00a0Kliendi\u00a0k\u00e4itumist\u00a0Keskuse\u00a0tegevuskohas ning n\u00f5uda\u00a0Kliendilt\u00a0selle t\u00e4itmist;<\/p>\n\n\n\n<p>4.1.3&nbsp;muuta&nbsp;Kliendi&nbsp;poolt broneeritud vastuv\u00f5tuaega Keskuse&nbsp;t\u00f6\u00f6korralduslikel v\u00f5i muudel p\u00f5hjustel,&nbsp;n\u00e4iteks t\u00f6\u00f6taja haigestumine, seadme hooldus vms,&nbsp;v\u00f5ttes&nbsp;Kliendiga&nbsp;selleks \u00fchendust esimesel v\u00f5imalusel ning pakkudes&nbsp;Kliendile&nbsp;uut vastuv\u00f5tuaega;<\/p>\n\n\n\n<p>4.1.4\u00a0keelduda Teenuse osutamisest v\u00f5i l\u00f5petada\u00a0Kliendile\u00a0Teenuse osutamine, kui ilmneb, et Teenus on\u00a0Kliendile vastun\u00e4idustatud\u00a0v\u00f5i kui selgub, et Klient on esitanud oma tervisliku seisundi kohta valed andmed;<\/p>\n\n\n\n<p>4.1.5\u00a0saada Teenuse osutamise eest tasu vastavalt hinnakirjale\u00a0v\u00f5i vastavalt\u00a0Kliendiga\u00a0s\u00f5lmitud erikokkuleppele.<\/p>\n\n\n\n<p><strong>4.2 Keskus&nbsp;kohustub:<\/strong><\/p>\n\n\n\n<p>4.2.1\u00a0osutama\u00a0teenust\u00a0Teenuse osutamise ajal ning oodatava hoolega.<\/p>\n\n\n\n<p>4.2.2&nbsp;informeerima&nbsp;Klienti&nbsp;piirangutest Teenuse osutamise ajal&nbsp;ning&nbsp;mis m\u00f5jutavad Teenuse osutamise tulemust;<\/p>\n\n\n\n<p>4.2.3\u00a0hoidma saladuses Teenuse osutamisel teatavaks saanud\u00a0Kliendi\u00a0isikuandmeid, sh andmeid\u00a0Kliendi\u00a0terviseseisundi kohta.<\/p>\n\n\n\n<p>4.2.4&nbsp;Keskus&nbsp;ei taga&nbsp;Kliendi&nbsp;kohest paranemist, Teenuse edukust ega seda, et Teenuse tulemus vastab t\u00e4ielikult&nbsp;Kliendi&nbsp;ootustele.<\/p>\n\n\n\n<p><strong>5. Tasumine<\/strong><\/p>\n\n\n\n<p>5.1&nbsp;Klient&nbsp;kohustub tasuma osutatud Teenuste eest&nbsp;hinnakirja alusel&nbsp;Keskuse&nbsp;tegevuskoha&nbsp;t\u00f6\u00f6tajale&nbsp;Teenuse osutamise&nbsp;j\u00e4rgselt&nbsp;vastavalt Keskuse&nbsp;poolt v\u00e4ljastatud arvele.<\/p>\n\n\n\n<p>5.2 Juhul, kui pooled ei ole teisiti kirjalikku taasesitamist v\u00f5imaldavas vormis kokku leppinud, l\u00e4htutakse Teenuse hinna m\u00e4\u00e4ramisel Teenuse tingimustes kokkuleppimise ajal kehtivast Keskuse\u00a0hinnakirjast, mis on k\u00e4ttesaadav Keskuse kodulehel.<\/p>\n\n\n\n<p>5.3 Keskusel&nbsp;on \u00f5igus \u00fchepoolselt edasiulatuvalt hinnakirja muuta. Muudatused j\u00f5ustuvad alates hinnakirja avaldamisest Keskuse&nbsp;kodulehel.<\/p>\n\n\n\n<p>5.4 Stebby kaudu tasumisel tuleb Kliendil j\u00e4rgida Stebby reegleid, mis on leitavad stebby kodulehel. Stebby kaudu tasudes tuleb kliendil j\u00e4lgida pileti aegumiskuup\u00e4eva ning vajaduse korral\u00a0piletit pikendada kirjutades e-posti aadressile Tallinnas:\u00a0<a href=\"mailto:info@bodytherapy.ee\">info@hapnikuteraapiakeskus.ee<\/a>. J\u00e4lgida tuleb ka seda, et Stebby ja Hapnikuteraapia Keskuse broneerimiss\u00fcsteem ei ole omavahel seotud, ehk kui klient soetab pileti Stebby keskkonnast, siis tuleb aeg Keskusesse broneerida Hapnikuteraapiakeskus.ee kodulehel, e-posti v\u00f5i telefoni teel. Keskus ei vastuta kliendi pileti aegumise ega teiste probleemide eest, mis ei ole otseselt keskusega seotud.\u00a0\u00a0<\/p>\n\n\n\n<p><strong>6.&nbsp;Andmekaitsetingimused<\/strong><\/p>\n\n\n\n<p>6.1 Keskus\u00a0t\u00f6\u00f6tleb\u00a0Kliendi\u00a0isikuandmeid koosk\u00f5las kehtivate \u00f5igusaktidega ja vastavalt\u00a0Keskuse\u00a0andmekaitsetingimustele. K\u00e4ttesaadavad\u00a0kodulehel.\u00a0<\/p>\n\n\n\n<p><strong>7. Vastutus<\/strong><\/p>\n\n\n\n<p>7.1 Keskus&nbsp;ning Teenuse osutamisel osalev t\u00f6\u00f6taja vastutavad \u00fcksnes oma kohustuste rikkumise eest, kui rikkumine on p\u00f5hjustatud Keskuse&nbsp;v\u00f5i t\u00f6\u00f6taja s\u00fc\u00fc t\u00f5ttu, s.t hooletusest, raskest hooletusest v\u00f5i tahtlikult. Keskus&nbsp;ja t\u00f6\u00f6taja vastutavad eelk\u00f5ige vigade&nbsp;eest, mis v\u00f5ivad esineda seadmete k\u00e4sitlemisel&nbsp;ning&nbsp;Kliendi&nbsp;teavitamise ja&nbsp;Kliendi&nbsp;n\u00f5usoleku saamise kohustuse rikkumise eest.&nbsp;<\/p>\n\n\n\n<p>7.2&nbsp;Keskus&nbsp;ei vastuta&nbsp;Kliendi&nbsp;saamata j\u00e4\u00e4nud tulu ega mittevaralise kahju eest.<\/p>\n\n\n\n<p>7.3 Keskus&nbsp;ei vastuta kahju eest, kui&nbsp;Klient&nbsp;rikkus&nbsp;Keskuse t\u00f6\u00f6taja&nbsp;poolt antud juhiseid Teenuse osutamisele eelnevalt, Teenuse osutamise&nbsp;ajal&nbsp;ning sellele j\u00e4rgneval ajal v\u00f5i muid Teenuse osutamise seisukohalt olulisi&nbsp;Kliendi&nbsp;kohustusi.<\/p>\n\n\n\n<p>7.4 K\u00e4esolevas peat\u00fckis s\u00e4testatud vastutuse v\u00e4listused ja piirangud ei kehti ulatuses, milles \u00f5igusaktide kohaselt ei saa Keskuse&nbsp;vastutust piirata.<\/p>\n\n\n\n<p><strong>8. Lepingu l\u00f5ppemine<\/strong><\/p>\n\n\n\n<p>8.1 Leping l\u00f5peb Teenuse osutamise l\u00f5ppemisega.<\/p>\n\n\n\n<p>8.2 Leping l\u00f5peb, kui\u00a0Klient\u00a0v\u00f5i Keskus\u00a0t\u00fchistab oma broneerimisaja.<\/p>\n\n\n\n<p>8.3\u00a0Klient\u00a0v\u00f5ib Lepingu igal ajal \u00fcles \u00f6elda. Kui \u00fcles\u00fctlemine leiab aset v\u00e4hem kui 24 tundi enne planeeritud vastuv\u00f5tuaega,\u00a0siis\u00a0tuleb tal tasuda teenuse summa 100% ulatuses ja Kliendile saadetakse sellekohane arve. <\/p>\n\n\n\n<p>8.4.\u00a0Keskus\u00a0v\u00f5ib Lepingu \u00fcles \u00f6elda (v\u00f5i alternatiivselt n\u00f5uda \u00fchepoolselt Teenuse osutamise edasi l\u00fckkamist) m\u00f5juval p\u00f5hjusel, mille t\u00f5ttu ei saa Keskuselt\u00a0k\u00f5iki asjaolusid arvestades Teenuse j\u00e4tkamist oodata, eelk\u00f5ige juhul kui:<\/p>\n\n\n\n<ul class=\"wp-block-list\">\n<li>Klient\u00a0ei n\u00f5ustu\u00a0Teenuse eest tasuma;<\/li>\n<\/ul>\n\n\n\n<ul class=\"wp-block-list\">\n<li>Klient\u00a0rikub teabe andmise kohustust v\u00f5i Keskus\u00a0on p\u00f5hjendatud alus eeldada, et\u00a0Klient\u00a0on andnud valeinformatsiooni.<\/li>\n\n\n\n<li>Klient\u00a0saabub vastuv\u00f5tule joobeseisundis, ebaadekvaatsena v\u00f5i ei allu muul p\u00f5hjusel Keskuse\u00a0korraldusele;<\/li>\n\n\n\n<li>Lepingu l\u00f5ppemine ei vabasta\u00a0Klienti\u00a0kohustusest tasuda juba osutatud Teenuste eest.\u00a0<\/li>\n<\/ul>\n\n\n\n<p><strong>9. L\u00f5pps\u00e4tted<\/strong><\/p>\n\n\n\n<p>9.1 Keskuse\u00a0ja\u00a0Kliendi\u00a0vahel s\u00f5lmitud Lepingule ning kokkulepetele kohaldatakse Eesti Vabariigi \u00f5igust.<\/p>\n\n\n\n<p>9.2 K\u00f5ik\u00a0Keskuse\u00a0ja\u00a0Kliendi\u00a0vahelised Lepingust tulenevad v\u00f5i\u00a0teenuse osutamisega seonduvad vaidlused lahendatakse Harju Maakohtus, kui\u00a0Keskus\u00a0ja\u00a0Klient\u00a0ei saavuta kokkulepet l\u00e4bir\u00e4\u00e4kimiste teel.<\/p>\n<\/div>","protected":false},"excerpt":{"rendered":"<p>Hapnikuteraapia keskuse teenuse osutamise tingimused 1. \u00dcldtingimused 1.1 K\u00e4esolevad\u00a0(tervishoiu)teenuse osutamise \u00fcldtingimused (edaspidi\u00a0Tingimused) reguleerivad kliendi ja\u00a0teenuse osutaja \u00f5iguseid, kohustusi ja vastutust\u00a0teenuste (edaspidi\u00a0Teenused) osutamisel Hapnikuteraapia keskuse (edaspidi\u00a0Keskus)\u00a0poolt. 1.2 Tingimused kuuluvad Keskuse\u00a0ja\u00a0Kliendi (edaspidi\u00a0Klient) vahel s\u00f5lmitava\u00a0teenuse osutamise lepingu (edaspidi\u00a0Leping) juurde ning on selle lahutamatu osa.\u00a0Lepingu s\u00f5lmimiseks loetakse kliendi enda v\u00f5i t\u00f6\u00f6taja poolt kliendile aja broneerimist.\u00a0 1.3 Teenuste hulka kuulub [&hellip;]<\/p>\n","protected":false},"author":1,"featured_media":0,"parent":0,"menu_order":0,"comment_status":"closed","ping_status":"closed","template":"page-with-title","meta":{"footnotes":""},"class_list":["post-205","page","type-page","status-publish","hentry"],"aioseo_notices":[],"_links":{"self":[{"href":"https:\/\/hapnikuteraapiakeskus.ee\/en\/wp-json\/wp\/v2\/pages\/205","targetHints":{"allow":["GET"]}}],"collection":[{"href":"https:\/\/hapnikuteraapiakeskus.ee\/en\/wp-json\/wp\/v2\/pages"}],"about":[{"href":"https:\/\/hapnikuteraapiakeskus.ee\/en\/wp-json\/wp\/v2\/types\/page"}],"author":[{"embeddable":true,"href":"https:\/\/hapnikuteraapiakeskus.ee\/en\/wp-json\/wp\/v2\/users\/1"}],"replies":[{"embeddable":true,"href":"https:\/\/hapnikuteraapiakeskus.ee\/en\/wp-json\/wp\/v2\/comments?post=205"}],"version-history":[{"count":5,"href":"https:\/\/hapnikuteraapiakeskus.ee\/en\/wp-json\/wp\/v2\/pages\/205\/revisions"}],"predecessor-version":[{"id":210,"href":"https:\/\/hapnikuteraapiakeskus.ee\/en\/wp-json\/wp\/v2\/pages\/205\/revisions\/210"}],"wp:attachment":[{"href":"https:\/\/hapnikuteraapiakeskus.ee\/en\/wp-json\/wp\/v2\/media?parent=205"}],"curies":[{"name":"wp","href":"https:\/\/api.w.org\/{rel}","templated":true}]}}