{"id":3,"date":"2025-08-21T15:28:35","date_gmt":"2025-08-21T15:28:35","guid":{"rendered":"https:\/\/hapnikuteraapiakeskus.ee\/?page_id=3"},"modified":"2025-10-15T12:09:58","modified_gmt":"2025-10-15T12:09:58","slug":"privacy-policy","status":"publish","type":"page","link":"https:\/\/hapnikuteraapiakeskus.ee\/en\/privacy-policy\/","title":{"rendered":"Privacy Policy"},"content":{"rendered":"<h2 class=\"wp-block-heading\">Vastutav t\u00f6\u00f6tleja<\/h2>\n\n\n\n<p><br>Andmesubjektide isikuandmete vastutav t\u00f6\u00f6tleja on Danico O\u00dc, aadress Tamme8, Aespa, Kohila vald, Raplamaa. Registrikood 14987949, telefon +372 58163388 ning e-post maarja@hapnikuteraapiakeskus.ee. Danico O\u00dc andmekaitsespetsialist on Maarja M\u00e4nniste, e-post maarja@hapnikuteraapiakeskus.ee.<\/p>\n\n\n\n<p>Milliseid isikuandmeid t\u00f6\u00f6deldakse?<br>Danico O\u00dc t\u00f6\u00f6tleb j\u00e4rgmisi andmesubjektide isikuandmeid:<\/p>\n\n\n\n<ul class=\"wp-block-list\">\n<li>ees- ja perekonnanimi;<\/li>\n\n\n\n<li>kontakttelefon ja e-post;<\/li>\n\n\n\n<li>terviseandmed, mis on vajalikud andmesubjektile baroteraapia osutamiseks;<\/li>\n\n\n\n<li>andmed seoses teenuse osutamisega (teenuse osutamise aeg ja muud teenuse osutamisega seonduvad andmed).<\/li>\n<\/ul>\n\n\n\n<p>Danico O\u00dc v\u00f5ib t\u00e4iendavalt t\u00f6\u00f6delda muid isikuandmeid, mida andmesubjekt meile vabatahtlikult edastab, nt meiega teenuse osutamise raames v\u00f5i ka muul viisil suhtlemisel.<\/p>\n\n\n\n<h2 class=\"wp-block-heading\">Isikuandmete t\u00f6\u00f6tlemise eesm\u00e4rk ja \u00f5iguslik alus<\/h2>\n\n\n\n<p><br>Isikuandmete t\u00f6\u00f6tlemine toimub j\u00e4rgmistel eesm\u00e4rkidel ja \u00f5iguslikel alustel:<\/p>\n\n\n\n<ol class=\"wp-block-list\">\n<li>Anal\u00fc\u00fctika ja kliendirahulolu k\u00fcsitluste l\u00e4biviimine hapnikuteraapia teenuse kvaliteedi parandamise eesm\u00e4rgil. Sellisel juhul on isikuandmete t\u00f6\u00f6tlemise \u00f5iguslik alus meie \u00f5igustatud huvi eelnimetatud eesm\u00e4rkidel. Nimetatud eesm\u00e4rkide raamesterviseandmeid ei t\u00f6\u00f6delda. <\/li>\n\n\n\n<li>\u00d5igusaktidest tulenevate n\u00f5uete t\u00e4itmine, mis tulenevad n\u00e4iteks statistika k\u00fcsimist reguleerivatest \u00f5igusaktidest, raamatupidamise seadusest ja maksualastest \u00f5igusaktidest. Sellisel juhul on isikuandmete t\u00f6\u00f6tlemise \u00f5iguslik alus meil lasuvate juriidiliste kohustuste t\u00e4itmine.<\/li>\n\n\n\n<li>Kliendi p\u00e4ringutele, avaldustele ja muule suhtlusele vastamine. S\u00f5ltuvalt suhtluse iseloomust v\u00f5ib sellisel juhul isikuandmete t\u00f6\u00f6tlemise \u00f5iguslikuks aluseks olla meie \u00f5igustatud huvi tagada sujuv klienditeenindus ja teenuse pakkumine kliendile.<\/li>\n\n\n\n<li>Otseturundus reklaam- ja infomaterjalide saatmise n\u00e4ol hapnikuteraapia teenuse ning muude pakkumiste kohta. Sellisel juhul on isikuandmete t\u00f6\u00f6tlemise \u00f5iguslik alus andmesubjekti n\u00f5usolek. Andmesubjekt v\u00f5ib oma n\u00f5usoleku igal ajal tagasi v\u00f5tta, et l\u00f5petada vastavate turunduslike materjalide saamine.<\/li>\n<\/ol>\n\n\n\n<h2 class=\"wp-block-heading\">Andmesubjekti \u00f5igused<\/h2>\n\n\n\n<p>Andmesubjektil on \u00f5igus:<\/p>\n\n\n\n<ul class=\"wp-block-list\">\n<li>tutvuda enda isikuandmetega, mida me t\u00f6\u00f6tleme, taotledes nendele juurdep\u00e4\u00e4su. \u00d5igusaktidega etten\u00e4htud ulatuses on andmesubjektil ka \u00f5igus isikuandmeid parandada, ajakohastada v\u00f5i muuta;<\/li>\n\n\n\n<li>isikuandmete kustutamisele, kui meil puudub mis tahes muu \u00f5iguslik alus andmesubjekti isikuandmete s\u00e4ilitamiseks;<\/li>\n\n\n\n<li>vastavalt \u00f5igusaktides s\u00e4testatud tingimustele esitada vastuv\u00e4iteid teatud isikuandmete t\u00f6\u00f6tlemisele ja n\u00f5uda isikuandmete t\u00f6\u00f6tlemise piiramist;<\/li>\n\n\n\n<li>v\u00f5tta tagasi n\u00f5usolek isikuandmete t\u00f6\u00f6tlemiseks, kui isikuandmete t\u00f6\u00f6tlemine p\u00f5hineb andmesubjekti n\u00f5usolekul. Palume arvestada, et n\u00f5usoleku tagasiv\u00f5tmine ei m\u00f5juta enne tagasiv\u00f5tmist n\u00f5usoleku alusel toimunud isikuandmete t\u00f6\u00f6tlemise seaduslikkust;<\/li>\n\n\n\n<li>\u00f5igusaktidega etten\u00e4htud ulatuses taotleda juurdep\u00e4\u00e4su vastavale \u00f5igustatud huvi kaalutlusotsusele, kui isikuandmete t\u00f6\u00f6tlemise \u00f5iguslikuks aluseks on Danico O\u00dc \u00f5igustatud huvi.<\/li>\n<\/ul>\n\n\n\n<p>Avaldused eespool nimetatud andmesubjekti \u00f5iguste kasutamiseks palume v\u00f5tta \u00fchendust meie andmekaitsespetsialistiga e-postil maarja@hapnikuteraapiakeskus.ee. Kui te leiate, et me ei t\u00f6\u00f6tle teie isikuandmeid n\u00f5uetekohaselt on teil \u00f5igus esitada kaebus isikuandmete t\u00f6\u00f6tlemise kohta Andmekaitse Inspektsioonile v\u00f5i p\u00f6\u00f6rduda kohtusse.<\/p>\n\n\n\n<h2 class=\"wp-block-heading\">Andmete s\u00e4ilitamine<\/h2>\n\n\n\n<p>Danico O\u00dc s\u00e4ilitab teie isikuandmeid \u00fcksnes nii kaua, kui see on vajalik k\u00e4esolevates privaatsustingimustes kirjeldatud eesm\u00e4rkide saavutamiseks v\u00f5i kohalduvate \u00f5igusaktide kohaselt n\u00f5utud. Nt raamatupidamise algdokumente s\u00e4ilitame 7 aastat alates vastava majandusaasta l\u00f5pust, nagu n\u00f5uab kohalduv \u00f5igus. <\/p>\n\n\n\n<p>Kui teie isikuandmete s\u00e4ilitamine ei ole enam \u00f5igusaktide alusel n\u00f5utud ega nende s\u00e4ilitamise eesm\u00e4rgi saavutamiseks vajalik, kustutame me teie isikuandmed j\u00e4\u00e4davalt v\u00f5i muudame need anon\u00fc\u00fcmseks, kui te ei ole meile andnud vastupidiseid juhiseid ja me ei ole s\u00f5lminud kokkulepet andmete pikemaajaliseks s\u00e4ilitamiseks.<\/p>\n\n\n\n<h2 class=\"wp-block-heading\">Isikuandmete edastamine kolmandale osapoolele<\/h2>\n\n\n\n<p>Danico O\u00dc teeb endast k\u00f5ik s\u00f5ltuva, et hoida andmesubjektide isikuandmed kaitstuna, n\u00f5udes t\u00f6\u00f6tajatelt ning koost\u00f6\u00f6partneritelt ranget turvalisust ja konfidentsiaalsust. Danico O\u00dc v\u00f5ib edastada andmesubjektide isikuandmeid kolmandate isikutele j\u00e4rgmistel juhtudel ja viisidel:<\/p>\n\n\n\n<ul class=\"wp-block-list\">\n<li>usaldusv\u00e4\u00e4rsete teenusepakkujatele, kes osutavad meile v\u00f5i teile teenuseid vastavalt meie juhistele, nt meie kliendisuhtluse haldamiseks ja broneerimiseks kasutatavate IT s\u00fcsteemide tarnijatele;<\/li>\n\n\n\n<li>avalik-\u00f5iguslikele asutustele, kui isikuandmete edastamine on vajalik, et t\u00e4ita oma seadusest tulenevaid kohustusi v\u00f5i ennetada v\u00f5i uurida v\u00f5imalikke s\u00fc\u00fctegusid; ja<\/li>\n\n\n\n<li>teistele kolmandatele isikutele, kui see on vajalik, et kaitsta oma vara ja \u00f5igusi v\u00f5i kaitsta end \u00f5iguslike n\u00f5uete vastu.<\/li>\n<\/ul>\n\n\n\n<p>Danico O\u00dc ei edasta isikuandmeid v\u00e4ljapoole Euroopa Majanduspiirkonda.<\/p>\n\n\n\n<h2 class=\"wp-block-heading\">K\u00fcpsiste kasutamine<\/h2>\n\n\n\n<p>Danico O\u00dc kasutab hallatavatel veebilehtedel k\u00fcpsiseid, et teha isikute kasutajakogemus veebilehel mugavamaks ja kasutamine sujuvamaks. K\u00fcpsis on v\u00e4ike tekstifail, mille veebilehitseja (browser) isiku kasutatavasse seadmesse salvestab. Me kasutame oma veebilehtedel j\u00e4rgmisi k\u00fcpsiseid:<\/p>\n\n\n\n<ul class=\"wp-block-list\">\n<li>funktsionaalsusk\u00fcpsised, mis on h\u00e4davajalikud veebilehtede toimimiseks ja nendel navigeerimiseks;<\/li>\n\n\n\n<li>anal\u00fc\u00fctilised k\u00fcpsised, mis koguvad teavet selle kohta, kuidas k\u00fclastajad meie veebilehti kasutavad muu hulgas eesm\u00e4rgiga parandada teie kasutajakogemust ja arendada meie veebilehti. Anal\u00fc\u00fctilised k\u00fcpsised salvestatakse teie seadmesse \u00fcksnes teie n\u00f5usoleku alusel;<\/li>\n\n\n\n<li>reklaamik\u00fcpsised, mis koguvad teavet teie veebisirvimise harjumuste kohta ja hindamaks reklaamide t\u00f5husust eesm\u00e4rgiga aidata valida teile sobivat ning teie huvidele vastavaid reklaame. Reklaamik\u00fcpsised salvestatakse teie seadmesse \u00fcksnes teie n\u00f5usoleku alusel; ja<\/li>\n\n\n\n<li>kolmandate osapoolte k\u00fcpsised, mis v\u00f5imaldavad meil muu hulgas vahetada veebilehtede kasutamisega seotud teavet nt kommunikatsioonikanalite ja sotsiaalv\u00f5rgustikega. Vastavad k\u00fcpsised salvestatakse teie seadmesse \u00fcksnes teie n\u00f5usoleku alusel.<\/li>\n<\/ul>\n\n\n\n<p>K\u00fcpsiste salvestamise periood teie seadmes s\u00f5ltub sellest, kas tegemist on p\u00fcsivate v\u00f5i ajutiste, ehk \u201eseansi\u201c k\u00fcpsistega. P\u00fcsik\u00fcpsised j\u00e4\u00e4vad teie seadmesse seniks kuni vastavad k\u00fcpsised aeguvad v\u00f5i need kustutatakse k\u00e4sitsi. Seansik\u00fcpsiseid kustutatakse teie seadmest hetkel, kui te lahkute meie veebilehtedelt.<\/p>\n\n\n\n<p>K\u00fcpsiste kasutamise mitten\u00f5ustumisega on v\u00f5imalik seadmes salvestatud k\u00fcpsised blokeerida, selleks tuleb muuta veebilehitseja seadmeid. Kuna teatud k\u00fcpsised on meie poolt hallatavate veebilehtede toimimiseks olulised, v\u00f5ib k\u00fcpsiste kasutamise piiramine m\u00f5jutada veebilehtede funktsionaalsust.<\/p>\n\n\n\n<h2 class=\"wp-block-heading\">Turvalisus<\/h2>\n\n\n\n<p>Danico O\u00dc rakendab isikuandmete kaitseks erinevaid organisatsioonilisi ja infotehnoloogilisi turvameetmeid ning salvestab isikuandmeid elektroonilisel kujul v\u00f5i paberkandjal. N\u00e4iteks v\u00f5imaldame me teie isikuandmetele juurdep\u00e4\u00e4su \u00fcksnes t\u00f6\u00f6tajatele, kes vajavad neid oma t\u00f6\u00f6\u00fclesannete t\u00e4itmiseks. Samuti rakendame t\u00e4iendavaid meetmeid teie terviseandmete turvalisuse tagamiseks, s\u00e4ilitades neid nt eraldiseisvalt muudest isikuandmetest. Palume siiski arvestada, et kuigi me p\u00fc\u00fcame isikuandmete turvalisust m\u00f5istlike meetmetega kaitsta, ei v\u00e4lista \u00fckski s\u00fcsteem t\u00e4ielikult k\u00f5iki v\u00f5imalikke turvariske.<\/p>\n\n\n\n<h2 class=\"wp-block-heading\">Privaatsustingimuste uuendamine<\/h2>\n\n\n\n<p>Danico O\u00dc v\u00f5ib aeg-ajalt k\u00e4esolevaid privaatsustingimusi uuendada. Kui me uuendame privaatsustingimusi, teavitame teid sellest meie poolt hallatavate veebisaitide vahendusel. Oluliste muudatuste korral teavitame teid ka e-posti teel, mille kaudu te olete meiega kontakteerunud ja\/v\u00f5i mille te olete meile lepingulise suhte s\u00f5lmimise raames edastanud. Viimati uuendati privaatsustingimusi eespool m\u00e4rgitud \u201eViimati uuendatud\u201c kuup\u00e4eval.<\/p>\n\n\n\n<p><em>Viimati uuendatud: 29. august 2025<\/em><\/p>","protected":false},"excerpt":{"rendered":"<p>Vastutav t\u00f6\u00f6tleja Andmesubjektide isikuandmete vastutav t\u00f6\u00f6tleja on Danico O\u00dc, aadress Tamme8, Aespa, Kohila vald, Raplamaa. Registrikood 14987949, telefon +372 58163388 ning e-post maarja@hapnikuteraapiakeskus.ee. Danico O\u00dc andmekaitsespetsialist on Maarja M\u00e4nniste, e-post maarja@hapnikuteraapiakeskus.ee. Milliseid isikuandmeid t\u00f6\u00f6deldakse?Danico O\u00dc t\u00f6\u00f6tleb j\u00e4rgmisi andmesubjektide isikuandmeid: Danico O\u00dc v\u00f5ib t\u00e4iendavalt t\u00f6\u00f6delda muid isikuandmeid, mida andmesubjekt meile vabatahtlikult edastab, nt meiega teenuse osutamise [&hellip;]<\/p>\n","protected":false},"author":1,"featured_media":0,"parent":0,"menu_order":0,"comment_status":"closed","ping_status":"open","template":"","meta":{"footnotes":""},"class_list":["post-3","page","type-page","status-publish","hentry"],"aioseo_notices":[],"_links":{"self":[{"href":"https:\/\/hapnikuteraapiakeskus.ee\/en\/wp-json\/wp\/v2\/pages\/3","targetHints":{"allow":["GET"]}}],"collection":[{"href":"https:\/\/hapnikuteraapiakeskus.ee\/en\/wp-json\/wp\/v2\/pages"}],"about":[{"href":"https:\/\/hapnikuteraapiakeskus.ee\/en\/wp-json\/wp\/v2\/types\/page"}],"author":[{"embeddable":true,"href":"https:\/\/hapnikuteraapiakeskus.ee\/en\/wp-json\/wp\/v2\/users\/1"}],"replies":[{"embeddable":true,"href":"https:\/\/hapnikuteraapiakeskus.ee\/en\/wp-json\/wp\/v2\/comments?post=3"}],"version-history":[{"count":7,"href":"https:\/\/hapnikuteraapiakeskus.ee\/en\/wp-json\/wp\/v2\/pages\/3\/revisions"}],"predecessor-version":[{"id":202,"href":"https:\/\/hapnikuteraapiakeskus.ee\/en\/wp-json\/wp\/v2\/pages\/3\/revisions\/202"}],"wp:attachment":[{"href":"https:\/\/hapnikuteraapiakeskus.ee\/en\/wp-json\/wp\/v2\/media?parent=3"}],"curies":[{"name":"wp","href":"https:\/\/api.w.org\/{rel}","templated":true}]}}