{"id":35,"date":"2025-08-21T13:19:07","date_gmt":"2025-08-21T13:19:07","guid":{"rendered":"https:\/\/hapnikuteraapiakeskus.ee\/kontakt\/"},"modified":"2026-01-19T14:55:43","modified_gmt":"2026-01-19T14:55:43","slug":"kontakt","status":"publish","type":"page","link":"https:\/\/hapnikuteraapiakeskus.ee\/en\/kontakt\/","title":{"rendered":"Contact"},"content":{"rendered":"\n<p><\/p>\n\n\n\n<div class=\"wp-block-group alignwide has-tertiary-background-color has-background has-global-padding is-layout-constrained wp-container-core-group-is-layout-52009084 wp-block-group-is-layout-constrained\" style=\"border-radius:1.5rem;padding-top:var(--wp--preset--spacing--40);padding-right:var(--wp--preset--spacing--40);padding-bottom:var(--wp--preset--spacing--40);padding-left:var(--wp--preset--spacing--40)\">\n<h2 class=\"wp-block-heading has-text-align-center has-text-color has-link-color wp-elements-cb6c38cae5b3d9d321260b895a7f7236\" style=\"color:#ff8da1\">T\u00f5stke heaolu baroteraapiaga uuele tasemele<\/h2>\n\n\n\n<p class=\"has-text-align-center\"><strong>S\u00fcgise 5, Tallinn<\/strong><\/p>\n\n\n\n<p class=\"has-text-align-center has-small-font-size\" style=\"margin-top:8px\">+372 5816 3388<\/p>\n\n\n\n<p class=\"has-text-align-center has-small-font-size\" style=\"margin-top:8px\">info@hapnikuteraapiakeskus.ee<\/p>\n\n\n\n<p class=\"has-text-align-center has-small-font-size\" style=\"margin-top:8px\">Parkimine kliendile maja ees v\u00f5i maja taga vastavalt Europargi n\u00f5uetele.<\/p>\n\n\n\n<p class=\"has-text-align-center\"><strong>Danico O\u00dc<\/strong><\/p>\n\n\n\n<p class=\"has-text-align-center has-small-font-size\" style=\"margin-top:8px\">IBAN: EE157700771005065719<\/p>\n<\/div>\n\n\n<div class=\"wpforms-container wpforms-block wpforms-block-dd1b14e8-ceed-41df-a43d-06ff11dc1295 wpforms-render-modern\" id=\"wpforms-32\"><form id=\"wpforms-form-32\" class=\"wpforms-validate wpforms-form wpforms-ajax-form\" data-formid=\"32\" method=\"post\" enctype=\"multipart\/form-data\" action=\"\/en\/wp-json\/wp\/v2\/pages\/35\" data-token=\"8b167fe9a99d61efd50dc8161d6c0061\" data-token-time=\"1776573041\"><noscript class=\"wpforms-error-noscript\">Please enable JavaScript in your browser to complete this form.<\/noscript><div id=\"wpforms-error-noscript\" style=\"display: none;\">Please enable JavaScript in your browser to complete this form.<\/div><div class=\"wpforms-field-container\">\t\t<div id=\"wpforms-32-field_5-container\"\n\t\t\tclass=\"wpforms-field wpforms-field-text\"\n\t\t\tdata-field-type=\"text\"\n\t\t\tdata-field-id=\"5\"\n\t\t\t>\n\t\t\t<label class=\"wpforms-field-label\" for=\"wpforms-32-field_5\" >E-post Teema S\u00f5num<\/label>\n\t\t\t<input type=\"text\" id=\"wpforms-32-field_5\" class=\"wpforms-field-medium\" name=\"wpforms[fields][5]\" >\n\t\t<\/div>\n\t\t<div id=\"wpforms-32-field_1-container\" class=\"wpforms-field wpforms-field-name\" data-field-id=\"1\"><label class=\"wpforms-field-label\" for=\"wpforms-32-field_1\">Nimi <span class=\"wpforms-required-label\" aria-hidden=\"true\">*<\/span><\/label><input type=\"text\" id=\"wpforms-32-field_1\" class=\"wpforms-field-large wpforms-field-required\" name=\"wpforms[fields][1]\" aria-errormessage=\"wpforms-32-field_1-error\" required><\/div><div id=\"wpforms-32-field_2-container\" class=\"wpforms-field wpforms-field-email\" data-field-id=\"2\"><label class=\"wpforms-field-label\" for=\"wpforms-32-field_2\">E-post <span class=\"wpforms-required-label\" aria-hidden=\"true\">*<\/span><\/label><input type=\"email\" id=\"wpforms-32-field_2\" class=\"wpforms-field-large wpforms-field-required\" name=\"wpforms[fields][2]\" spellcheck=\"false\" aria-errormessage=\"wpforms-32-field_2-error\" required><\/div><div id=\"wpforms-32-field_3-container\" class=\"wpforms-field wpforms-field-text\" data-field-id=\"3\"><label class=\"wpforms-field-label\" for=\"wpforms-32-field_3\">Teema<\/label><input type=\"text\" id=\"wpforms-32-field_3\" class=\"wpforms-field-large\" name=\"wpforms[fields][3]\" aria-errormessage=\"wpforms-32-field_3-error\" ><\/div><div id=\"wpforms-32-field_4-container\" class=\"wpforms-field wpforms-field-textarea\" data-field-id=\"4\"><label class=\"wpforms-field-label\" for=\"wpforms-32-field_4\">S\u00f5num <span class=\"wpforms-required-label\" aria-hidden=\"true\">*<\/span><\/label><textarea id=\"wpforms-32-field_4\" class=\"wpforms-field-large wpforms-field-required\" name=\"wpforms[fields][4]\" aria-errormessage=\"wpforms-32-field_4-error\" required><\/textarea><\/div><script>\n\t\t\t\t( function() {\n\t\t\t\t\tconst style = document.createElement( 'style' );\n\t\t\t\t\tstyle.appendChild( document.createTextNode( '#wpforms-32-field_5-container { position: absolute !important; overflow: hidden !important; display: inline !important; height: 1px !important; width: 1px !important; z-index: -1000 !important; padding: 0 !important; } #wpforms-32-field_5-container input { visibility: hidden; } #wpforms-conversational-form-page #wpforms-32-field_5-container label { counter-increment: none; }' ) );\n\t\t\t\t\tdocument.head.appendChild( style );\n\t\t\t\t\tdocument.currentScript?.remove();\n\t\t\t\t} )();\n\t\t\t<\/script><\/div><!-- .wpforms-field-container --><div class=\"wpforms-submit-container\" ><input type=\"hidden\" name=\"wpforms[id]\" value=\"32\"><input type=\"hidden\" name=\"page_title\" value=\"\"><input type=\"hidden\" name=\"page_url\" value=\"https:\/\/hapnikuteraapiakeskus.ee\/en\/wp-json\/wp\/v2\/pages\/35\"><input type=\"hidden\" name=\"url_referer\" value=\"\"><button type=\"submit\" name=\"wpforms[submit]\" id=\"wpforms-submit-32\" class=\"wpforms-submit\" data-alt-text=\"Sending...\" data-submit-text=\"Submit\" aria-live=\"assertive\" value=\"wpforms-submit\">Submit<\/button><img loading=\"lazy\" decoding=\"async\" src=\"https:\/\/hapnikuteraapiakeskus.ee\/wp-content\/plugins\/wpforms-lite\/assets\/images\/submit-spin.svg\" class=\"wpforms-submit-spinner\" style=\"display: none;\" width=\"26\" height=\"26\" alt=\"Loading\"><\/div><\/form><\/div>  <!-- .wpforms-container -->\n\n\n<div class=\"wp-block-group alignfull has-background-background-color has-background has-global-padding is-layout-constrained wp-container-core-group-is-layout-7276a2bb wp-block-group-is-layout-constrained\" style=\"margin-top:0;margin-bottom:0;padding-top:var(--wp--preset--spacing--60);padding-right:var(--wp--preset--spacing--30);padding-bottom:var(--wp--preset--spacing--60);padding-left:var(--wp--preset--spacing--30)\">\n<div class=\"wp-block-cover alignwide is-light\" style=\"border-radius:1.5rem;min-height:30vh;aspect-ratio:unset;\"><img loading=\"lazy\" decoding=\"async\" width=\"1024\" height=\"341\" class=\"wp-block-cover__image-background wp-image-253 size-large\" alt=\"\" src=\"https:\/\/hapnikuteraapiakeskus.ee\/wp-content\/uploads\/2025\/09\/Hapnikuteraapia-keskus_HBOT-1-1024x341.png\" data-object-fit=\"cover\" srcset=\"https:\/\/hapnikuteraapiakeskus.ee\/wp-content\/uploads\/2025\/09\/Hapnikuteraapia-keskus_HBOT-1-1024x341.png 1024w, https:\/\/hapnikuteraapiakeskus.ee\/wp-content\/uploads\/2025\/09\/Hapnikuteraapia-keskus_HBOT-1-300x100.png 300w, https:\/\/hapnikuteraapiakeskus.ee\/wp-content\/uploads\/2025\/09\/Hapnikuteraapia-keskus_HBOT-1-768x256.png 768w, https:\/\/hapnikuteraapiakeskus.ee\/wp-content\/uploads\/2025\/09\/Hapnikuteraapia-keskus_HBOT-1-1536x512.png 1536w, https:\/\/hapnikuteraapiakeskus.ee\/wp-content\/uploads\/2025\/09\/Hapnikuteraapia-keskus_HBOT-1-2048x683.png 2048w\" sizes=\"auto, (max-width: 1024px) 100vw, 1024px\" \/><span aria-hidden=\"true\" class=\"wp-block-cover__background has-background-dim-0 has-background-dim\" style=\"background-color:#a79283\"><\/span><div class=\"wp-block-cover__inner-container is-layout-flow wp-block-cover-is-layout-flow\">\n<div style=\"height:100px\" aria-hidden=\"true\" class=\"wp-block-spacer\"><\/div>\n<\/div><\/div>\n<\/div>\n","protected":false},"excerpt":{"rendered":"<p>T\u00f5stke heaolu baroteraapiaga uuele tasemele S\u00fcgise 5, Tallinn +372 5816 3388 info@hapnikuteraapiakeskus.ee Parkimine kliendile maja ees v\u00f5i maja taga vastavalt Europargi n\u00f5uetele. Danico O\u00dc IBAN: EE157700771005065719<\/p>","protected":false},"author":1,"featured_media":0,"parent":0,"menu_order":0,"comment_status":"closed","ping_status":"closed","template":"page-with-title","meta":{"footnotes":""},"class_list":["post-35","page","type-page","status-publish","hentry"],"aioseo_notices":[],"_links":{"self":[{"href":"https:\/\/hapnikuteraapiakeskus.ee\/en\/wp-json\/wp\/v2\/pages\/35","targetHints":{"allow":["GET"]}}],"collection":[{"href":"https:\/\/hapnikuteraapiakeskus.ee\/en\/wp-json\/wp\/v2\/pages"}],"about":[{"href":"https:\/\/hapnikuteraapiakeskus.ee\/en\/wp-json\/wp\/v2\/types\/page"}],"author":[{"embeddable":true,"href":"https:\/\/hapnikuteraapiakeskus.ee\/en\/wp-json\/wp\/v2\/users\/1"}],"replies":[{"embeddable":true,"href":"https:\/\/hapnikuteraapiakeskus.ee\/en\/wp-json\/wp\/v2\/comments?post=35"}],"version-history":[{"count":21,"href":"https:\/\/hapnikuteraapiakeskus.ee\/en\/wp-json\/wp\/v2\/pages\/35\/revisions"}],"predecessor-version":[{"id":502,"href":"https:\/\/hapnikuteraapiakeskus.ee\/en\/wp-json\/wp\/v2\/pages\/35\/revisions\/502"}],"wp:attachment":[{"href":"https:\/\/hapnikuteraapiakeskus.ee\/en\/wp-json\/wp\/v2\/media?parent=35"}],"curies":[{"name":"wp","href":"https:\/\/api.w.org\/{rel}","templated":true}]}}