{"id":47,"date":"2025-08-29T07:49:46","date_gmt":"2025-08-29T07:49:46","guid":{"rendered":"https:\/\/hapnikuteraapiakeskus.ee\/?page_id=47"},"modified":"2025-10-23T22:20:41","modified_gmt":"2025-10-23T22:20:41","slug":"mis-on-hapnikuteraapia-ehk-baroteraapia","status":"publish","type":"page","link":"https:\/\/hapnikuteraapiakeskus.ee\/en\/mis-on-hapnikuteraapia-ehk-baroteraapia\/","title":{"rendered":"All About Oxygen Therapy"},"content":{"rendered":"<p><\/p>\n\n\n\n<div class=\"wp-block-group alignfull has-background-background-color has-background has-global-padding is-layout-constrained wp-container-core-group-is-layout-7276a2bb wp-block-group-is-layout-constrained\" style=\"margin-top:0;margin-bottom:0;padding-top:var(--wp--preset--spacing--60);padding-right:var(--wp--preset--spacing--30);padding-bottom:var(--wp--preset--spacing--60);padding-left:var(--wp--preset--spacing--30)\">\n<div class=\"wp-block-group alignwide has-global-padding is-content-justification-center is-layout-constrained wp-block-group-is-layout-constrained\">\n<h2 class=\"wp-block-heading has-text-align-center has-text-color has-link-color has-large-font-size wp-elements-59e9a815904960ab42289793345d51e7\" style=\"color:#ff8da1\">Hyperbaric oxygen therapy (HBOT) is a treatment where patients breathe pure oxygen in a pressurized chamber to enhance healing, recovery, and overall well-being.<\/h2>\n\n\n\n<p class=\"has-text-align-center\" style=\"margin-top:16px\">The therapy increases the amount of oxygen in the blood and tissues, helping the body recover faster and fight infections and inflammation. Hyperbaric oxygen therapy (HBOT) is commonly used to accelerate wound healing, relieve long COVID symptoms, and support recovery in certain neurological conditions.\n\nEach session lasts approximately one hour. For the best results, therapy is recommended as a course of 10, 20, or 40 sessions.<\/p>\n<\/div>\n\n\n\n<div class=\"wp-block-columns alignwide has-tertiary-background-color has-background is-layout-flex wp-container-core-columns-is-layout-859d5df2 wp-block-columns-is-layout-flex\" style=\"border-radius:1.5rem;padding-top:1.5rem;padding-right:1.5rem;padding-bottom:1.5rem;padding-left:1.5rem\">\n<div class=\"wp-block-column is-layout-flow wp-block-column-is-layout-flow\">\n<figure class=\"wp-block-image size-large has-custom-border\"><img loading=\"lazy\" decoding=\"async\" width=\"1024\" height=\"768\" src=\"https:\/\/hapnikuteraapiakeskus.ee\/wp-content\/uploads\/2025\/09\/Hapnikuteraapia_kamber-1024x768.jpg\" alt=\"\" class=\"wp-image-237\" style=\"border-radius:1.5rem;aspect-ratio:4\/3;object-fit:cover\" srcset=\"https:\/\/hapnikuteraapiakeskus.ee\/wp-content\/uploads\/2025\/09\/Hapnikuteraapia_kamber-1024x768.jpg 1024w, https:\/\/hapnikuteraapiakeskus.ee\/wp-content\/uploads\/2025\/09\/Hapnikuteraapia_kamber-300x225.jpg 300w, https:\/\/hapnikuteraapiakeskus.ee\/wp-content\/uploads\/2025\/09\/Hapnikuteraapia_kamber-768x576.jpg 768w, https:\/\/hapnikuteraapiakeskus.ee\/wp-content\/uploads\/2025\/09\/Hapnikuteraapia_kamber.jpg 1280w\" sizes=\"auto, (max-width: 1024px) 100vw, 1024px\" \/><\/figure>\n<\/div>\n\n\n\n<div class=\"wp-block-column is-vertically-aligned-center is-layout-flow wp-block-column-is-layout-flow\">\n<div class=\"wp-block-group has-global-padding is-layout-constrained wp-block-group-is-layout-constrained\">\n<h3 class=\"wp-block-heading has-text-color has-link-color wp-elements-5abb95f33406443763282019ce2a6978\" style=\"color:#ff8da1;font-size:clamp(1.188rem, 1.188rem + ((1vw - 0.2rem) * 1.153), 1.88rem);line-height:1.5\">Discover the key reasons to try oxygen therapy (HBOT)<\/h3>\n<\/div>\n\n\n\n<ul class=\"wp-block-list\">\n<li>Strengthens the body\u2019s core functions and boosts overall energy levels<\/li>\n\n\n\n<li>Supports the immune system and helps the body fight infections<\/li>\n\n\n\n<li>Promotes the formation of new blood vessels and improves oxygen absorption<\/li>\n\n\n\n<li>Helps the body eliminate toxins and enhances skin health<\/li>\n\n\n\n<li>Aids recovery after physical training and illness<\/li>\n\n\n\n<li>Supports healing and recovery after radiation and chemotherapy<\/li>\n\n\n\n<li>Has anti-aging effects<\/li>\n\n\n\n<li>Helps relieve chronic fatigue and supports recovery from long COVID <\/li>\n<\/ul>\n<\/div>\n<\/div>\n\n\n\n<div class=\"wp-block-columns alignwide has-tertiary-background-color has-background is-layout-flex wp-container-core-columns-is-layout-859d5df2 wp-block-columns-is-layout-flex\" style=\"border-radius:1.5rem;padding-top:1.5rem;padding-right:1.5rem;padding-bottom:1.5rem;padding-left:1.5rem\">\n<div class=\"wp-block-column is-vertically-aligned-center is-layout-flow wp-block-column-is-layout-flow\">\n<div class=\"wp-block-group has-global-padding is-layout-constrained wp-block-group-is-layout-constrained\">\n<h3 class=\"wp-block-heading has-text-color has-link-color wp-elements-0e798a48418c38f9d2a1f4dd1520bfd9\" style=\"color:#ff8da1;font-size:clamp(1.188rem, 1.188rem + ((1vw - 0.2rem) * 1.153), 1.88rem);line-height:1.5\">What to Expect During Oxygen Therapy<\/h3>\n\n\n\n<p style=\"margin-top:8px\"><\/p>\n\n\n\n<p style=\"margin-top:8px\">You will enter the hyperbaric chamber in your regular clothing. Each session lasts approximately one hour. During your first visit, you\u2019ll be asked to complete a client consent form, so the initial session may be slightly shorter. Oxygen is delivered either through a mask or nasal cannula \u2014 whichever you prefer.\n\nInside the chamber, you can relax, read, work on your laptop or phone, or simply rest.<\/p>\n\n\n\n<p style=\"margin-top:8px\">As the pressure increases and decreases, you may feel a slight pressure in your ears, similar to what you experience during an airplane flight. This sensation can be relieved by swallowing, gently blowing your nose, or using any other equalizing techniques that work for you while flying.<\/p>\n<\/div>\n<\/div>\n\n\n\n<div class=\"wp-block-column is-layout-flow wp-block-column-is-layout-flow\">\n<figure class=\"wp-block-image size-large has-custom-border\"><img loading=\"lazy\" decoding=\"async\" width=\"1024\" height=\"498\" src=\"https:\/\/hapnikuteraapiakeskus.ee\/wp-content\/uploads\/2025\/08\/hapnikuteraapiakeskus-1024x498.jpg\" alt=\"\" class=\"wp-image-129\" style=\"border-radius:1.5rem;aspect-ratio:4\/3;object-fit:cover\" srcset=\"https:\/\/hapnikuteraapiakeskus.ee\/wp-content\/uploads\/2025\/08\/hapnikuteraapiakeskus-1024x498.jpg 1024w, https:\/\/hapnikuteraapiakeskus.ee\/wp-content\/uploads\/2025\/08\/hapnikuteraapiakeskus-300x146.jpg 300w, https:\/\/hapnikuteraapiakeskus.ee\/wp-content\/uploads\/2025\/08\/hapnikuteraapiakeskus-768x374.jpg 768w, https:\/\/hapnikuteraapiakeskus.ee\/wp-content\/uploads\/2025\/08\/hapnikuteraapiakeskus.jpg 1484w\" sizes=\"auto, (max-width: 1024px) 100vw, 1024px\" \/><\/figure>\n<\/div>\n<\/div>\n\n\n\n<div class=\"wp-block-columns alignwide has-tertiary-background-color has-background is-layout-flex wp-container-core-columns-is-layout-859d5df2 wp-block-columns-is-layout-flex\" style=\"border-radius:1.5rem;padding-top:1.5rem;padding-right:1.5rem;padding-bottom:1.5rem;padding-left:1.5rem\">\n<div class=\"wp-block-column is-layout-flow wp-block-column-is-layout-flow\">\n<figure class=\"wp-block-image has-custom-border\"><img loading=\"lazy\" decoding=\"async\" width=\"1024\" height=\"1024\" src=\"https:\/\/hapnikuteraapiakeskus.ee\/wp-content\/uploads\/2025\/08\/image-1.jpg\" alt=\"\" class=\"wp-image-110\" style=\"border-radius:1.5rem;aspect-ratio:4\/3;object-fit:cover\" srcset=\"https:\/\/hapnikuteraapiakeskus.ee\/wp-content\/uploads\/2025\/08\/image-1.jpg 1024w, https:\/\/hapnikuteraapiakeskus.ee\/wp-content\/uploads\/2025\/08\/image-1-300x300.jpg 300w, https:\/\/hapnikuteraapiakeskus.ee\/wp-content\/uploads\/2025\/08\/image-1-150x150.jpg 150w, https:\/\/hapnikuteraapiakeskus.ee\/wp-content\/uploads\/2025\/08\/image-1-768x768.jpg 768w\" sizes=\"auto, (max-width: 1024px) 100vw, 1024px\" \/><\/figure>\n<\/div>\n\n\n\n<div class=\"wp-block-column is-vertically-aligned-center is-layout-flow wp-block-column-is-layout-flow\">\n<div class=\"wp-block-group has-global-padding is-layout-constrained wp-block-group-is-layout-constrained\">\n<h3 class=\"wp-block-heading has-text-color has-link-color wp-elements-ddb8e591a125606754b98058d7cc412f\" style=\"color:#ff8da1;font-size:clamp(1.188rem, 1.188rem + ((1vw - 0.2rem) * 1.153), 1.88rem);line-height:1.5\">How We Personalize Your Hyperbaric Therapy Experience<\/h3>\n\n\n\n<p>At our Oxygen Therapy Center, we provide hyperbaric oxygen therapy (HBOT) in a hard-shell chamber, ensuring a stable and well-controlled environment.\nThrough the large transparent chamber window, you can observe your surroundings and communicate with our HBOT specialist via the built-in intercom system.<\/p>\n\n\n\n<p>During pressurization, the specialist can adjust the rate and level of pressure increase and make pauses if needed to ensure your maximum comfort and safety. <\/p>\n\n\n\n<p style=\"margin-top:8px\">&nbsp;<\/p>\n<\/div>\n<\/div>\n<\/div>\n\n\n\n<div class=\"wp-block-buttons is-content-justification-center is-layout-flex wp-container-core-buttons-is-layout-f1909aef wp-block-buttons-is-layout-flex\">\n<div class=\"wp-block-button\"><a class=\"wp-block-button__link has-background wp-element-button\" href=\"https:\/\/hapnikuteraapiakeskus.ee\/en\/broneering\/\" style=\"background-color:#fdbac5\"><strong>Book now<\/strong><\/a><\/div>\n<\/div>\n<\/div>\n\n\n\n<div class=\"wp-block-group alignfull has-background-background-color has-background has-global-padding is-layout-constrained wp-container-core-group-is-layout-7276a2bb wp-block-group-is-layout-constrained\" style=\"border-top-width:1px;margin-top:0;margin-bottom:0;padding-top:var(--wp--preset--spacing--60);padding-right:var(--wp--preset--spacing--30);padding-bottom:var(--wp--preset--spacing--60);padding-left:var(--wp--preset--spacing--30)\">\n<div class=\"wp-block-group alignwide has-global-padding is-content-justification-center is-layout-constrained wp-block-group-is-layout-constrained\">\n<h2 class=\"wp-block-heading has-text-align-center has-text-color has-link-color has-large-font-size wp-elements-e58b13a22b76d33185923799e62ff470\" style=\"color:#ff8da1\">When Is Oxygen Therapy Not Suitable for You?<\/h2>\n<\/div>\n\n\n\n<div class=\"wp-block-columns alignwide is-layout-flex wp-container-core-columns-is-layout-28f84493 wp-block-columns-is-layout-flex\">\n<div class=\"wp-block-column is-vertically-aligned-stretch is-layout-flow wp-block-column-is-layout-flow\">\n<div class=\"wp-block-group has-global-padding is-layout-constrained wp-container-core-group-is-layout-da604d14 wp-block-group-is-layout-constrained\" style=\"border-width:1px;min-height:100%;padding-top:0;padding-right:0;padding-bottom:0;padding-left:0\">\n<div class=\"wp-block-group is-content-justification-center is-nowrap is-layout-flex wp-container-core-group-is-layout-7ca5d355 wp-block-group-is-layout-flex\" style=\"padding-top:var(--wp--preset--spacing--20);padding-right:var(--wp--preset--spacing--20);padding-bottom:var(--wp--preset--spacing--20);padding-left:var(--wp--preset--spacing--20)\">\n<figure class=\"wp-block-image size-large is-resized wp-container-content-fd3097a4 wp-duotone-primary-and-secondary\"><img decoding=\"async\" src=\"data:image\/svg+xml;base64,PHN2ZyB4bWxucz0iaHR0cDovL3d3dy53My5vcmcvMjAwMC9zdmciIGhlaWdodD0iNDhweCIgdmlld0JveD0iMCAtOTYwIDk2MCA5NjAiIHdpZHRoPSI0OHB4IiBmaWxsPSIjMWUxZTFlIj48cGF0aCBkPSJNMjI5LjkxLTE2MHEtMjguOTEgMC00OS40MS0yMC41OS0yMC41LTIwLjU5LTIwLjUtNDkuNXQyMC41OS00OS40MXEyMC41OS0yMC41IDQ5LjUtMjAuNXQ0OS40MSAyMC41OXEyMC41IDIwLjU5IDIwLjUgNDkuNXQtMjAuNTkgNDkuNDFxLTIwLjU5IDIwLjUtNDkuNSAyMC41Wm0zMzUgMHEtMjguOTEgMC00OS40MS0yMC41OS0yMC41LTIwLjU5LTIwLjUtNDkuNXQyMC41OS00OS40MXEyMC41OS0yMC41IDQ5LjUtMjAuNXQ0OS40MSAyMC41OXEyMC41IDIwLjU5IDIwLjUgNDkuNXQtMjAuNTkgNDkuNDFxLTIwLjU5IDIwLjUtNDkuNSAyMC41Wm0tMTcwLTE2NXEtMjguOTEgMC00OS40MS0yMC41OS0yMC41LTIwLjU5LTIwLjUtNDkuNXQyMC41OS00OS40MXEyMC41OS0yMC41IDQ5LjUtMjAuNXQ0OS40MSAyMC41OXEyMC41IDIwLjU5IDIwLjUgNDkuNXQtMjAuNTkgNDkuNDFxLTIwLjU5IDIwLjUtNDkuNSAyMC41Wm0zMzUgMHEtMjguOTEgMC00OS40MS0yMC41OS0yMC41LTIwLjU5LTIwLjUtNDkuNXQyMC41OS00OS40MXEyMC41OS0yMC41IDQ5LjUtMjAuNXQ0OS40MSAyMC41OXEyMC41IDIwLjU5IDIwLjUgNDkuNXQtMjAuNTkgNDkuNDFxLTIwLjU5IDIwLjUtNDkuNSAyMC41Wm0tNTAwLTE3MHEtMjguOTEgMC00OS40MS0yMC41OS0yMC41LTIwLjU5LTIwLjUtNDkuNXQyMC41OS00OS40MXEyMC41OS0yMC41IDQ5LjUtMjAuNXQ0OS40MSAyMC41OXEyMC41IDIwLjU5IDIwLjUgNDkuNXQtMjAuNTkgNDkuNDFxLTIwLjU5IDIwLjUtNDkuNSAyMC41Wm0zMzUgMHEtMjguOTEgMC00OS40MS0yMC41OS0yMC41LTIwLjU5LTIwLjUtNDkuNXQyMC41OS00OS40MXEyMC41OS0yMC41IDQ5LjUtMjAuNXQ0OS40MSAyMC41OXEyMC41IDIwLjU5IDIwLjUgNDkuNXQtMjAuNTkgNDkuNDFxLTIwLjU5IDIwLjUtNDkuNSAyMC41Wm0tMTcwLTE2NXEtMjguOTEgMC00OS40MS0yMC41OS0yMC41LTIwLjU5LTIwLjUtNDkuNXQyMC41OS00OS40MXEyMC41OS0yMC41IDQ5LjUtMjAuNXQ0OS40MSAyMC41OXEyMC41IDIwLjU5IDIwLjUgNDkuNXQtMjAuNTkgNDkuNDFxLTIwLjU5IDIwLjUtNDkuNSAyMC41Wm0zMzUgMHEtMjguOTEgMC00OS40MS0yMC41OS0yMC41LTIwLjU5LTIwLjUtNDkuNXQyMC41OS00OS40MXEyMC41OS0yMC41IDQ5LjUtMjAuNXQ0OS40MSAyMC41OXEyMC41IDIwLjU5IDIwLjUgNDkuNXQtMjAuNTkgNDkuNDFxLTIwLjU5IDIwLjUtNDkuNSAyMC41WiIvPjwvc3ZnPg==\" alt=\"\" style=\"object-fit:cover;width:48px;height:auto\"\/><\/figure>\n\n\n\n<h3 class=\"wp-block-heading has-text-align-center\" style=\"font-size:clamp(0.875rem, 0.875rem + ((1vw - 0.2rem) * 0.625), 1.25rem);line-height:1.5\">In general, hyperbaric oxygen therapy (HBOT) is safe and well tolerated.\nHowever, we do not recommend or provide HBOT in the following cases:<\/h3>\n<\/div>\n\n\n\n<div class=\"wp-block-group has-global-padding is-layout-constrained wp-container-core-group-is-layout-80fb368b wp-block-group-is-layout-constrained\" style=\"border-top-width:1px;padding-top:var(--wp--preset--spacing--30);padding-right:var(--wp--preset--spacing--30);padding-bottom:var(--wp--preset--spacing--30);padding-left:var(--wp--preset--spacing--30)\">\n<ul class=\"wp-block-list\">\n<li>Presence of a pacemaker<\/li>\n\n\n\n<li>Claustrophobia (fear of enclosed spaces)<\/li>\n\n\n\n<li>Obstruction of nasal or sinus passages, caused by anatomical factors or chronic inflammation (e.g. sinusitis)<\/li>\n\n\n\n<li>Acute respiratory infections accompanied by coughing, runny nose, sore throat, or nasal congestion<\/li>\n\n\n\n<li>Fever or other signs of acute illness<\/li>\n\n\n\n<li>Uncontrolled high blood pressure (above 170\/90 mmHg) that does not respond to treatment<\/li>\n\n\n\n<li>Severe chronic lung diseases, such as pulmonary fibrosis, pneumothorax, emphysema, or lung abscesses<\/li>\n\n\n\n<li>Epilepsy&nbsp;<\/li>\n\n\n\n<li>Pregnancy<\/li>\n<\/ul>\n\n\n\n<h3 class=\"wp-block-heading has-text-align-center\" style=\"font-size:clamp(0.875rem, 0.875rem + ((1vw - 0.2rem) * 0.625), 1.25rem);line-height:1.5\">Unsure if hyperbaric oxygen therapy (HBOT) is right for you? Speak with your family doctor or healthcare provider before starting treatment.<\/h3>\n<\/div>\n<\/div>\n<\/div>\n<\/div>\n<\/div>","protected":false},"excerpt":{"rendered":"<p>H\u00fcperbaariline hapnikuteraapia ehk baroteraapia ehk HBOT on meetod, mille k\u00e4igus patsient hingab hapnikuteraapia kambris r\u00f5hu all puhast hapnikku. Teraapia suurendab hapniku hulka veres ja kudedes, aidates organismil kiiremini taastuda ning v\u00f5idelda infektsioonide ja p\u00f5letikega. Baroteraapiat kasutatakse sageli haavade paranemise kiirendamiseks, pikk-covid leevendamiseks ja teatud neuroloogiliste seisundite puhul. Teraapia kestus on umbes 1 h. Teraapiat soovitame [&hellip;]<\/p>\n","protected":false},"author":1,"featured_media":0,"parent":0,"menu_order":0,"comment_status":"closed","ping_status":"closed","template":"page-with-title","meta":{"footnotes":""},"class_list":["post-47","page","type-page","status-publish","hentry"],"aioseo_notices":[],"_links":{"self":[{"href":"https:\/\/hapnikuteraapiakeskus.ee\/en\/wp-json\/wp\/v2\/pages\/47","targetHints":{"allow":["GET"]}}],"collection":[{"href":"https:\/\/hapnikuteraapiakeskus.ee\/en\/wp-json\/wp\/v2\/pages"}],"about":[{"href":"https:\/\/hapnikuteraapiakeskus.ee\/en\/wp-json\/wp\/v2\/types\/page"}],"author":[{"embeddable":true,"href":"https:\/\/hapnikuteraapiakeskus.ee\/en\/wp-json\/wp\/v2\/users\/1"}],"replies":[{"embeddable":true,"href":"https:\/\/hapnikuteraapiakeskus.ee\/en\/wp-json\/wp\/v2\/comments?post=47"}],"version-history":[{"count":31,"href":"https:\/\/hapnikuteraapiakeskus.ee\/en\/wp-json\/wp\/v2\/pages\/47\/revisions"}],"predecessor-version":[{"id":368,"href":"https:\/\/hapnikuteraapiakeskus.ee\/en\/wp-json\/wp\/v2\/pages\/47\/revisions\/368"}],"wp:attachment":[{"href":"https:\/\/hapnikuteraapiakeskus.ee\/en\/wp-json\/wp\/v2\/media?parent=47"}],"curies":[{"name":"wp","href":"https:\/\/api.w.org\/{rel}","templated":true}]}}