{"id":37,"date":"2025-08-21T13:19:08","date_gmt":"2025-08-21T13:19:08","guid":{"rendered":"https:\/\/hapnikuteraapiakeskus.ee\/teenused\/"},"modified":"2026-03-16T15:17:59","modified_gmt":"2026-03-16T15:17:59","slug":"teenused","status":"publish","type":"page","link":"https:\/\/hapnikuteraapiakeskus.ee\/et\/teenused\/","title":{"rendered":"Hinnakiri"},"content":{"rendered":"\n<div class=\"wp-block-group alignfull has-background-background-color has-background has-global-padding is-layout-constrained wp-container-core-group-is-layout-12c5e928 wp-block-group-is-layout-constrained\" id=\"teenused\" style=\"margin-top:0;margin-bottom:0;padding-top:var(--wp--preset--spacing--60);padding-right:var(--wp--preset--spacing--30);padding-bottom:var(--wp--preset--spacing--60);padding-left:var(--wp--preset--spacing--30)\">\n<div class=\"wp-block-columns alignwide is-layout-flex wp-container-core-columns-is-layout-08c01c1c wp-block-columns-is-layout-flex\">\n<div class=\"wp-block-column is-layout-flow wp-block-column-is-layout-flow\">\n<div class=\"wp-block-group alignwide has-global-padding is-content-justification-center is-layout-constrained wp-block-group-is-layout-constrained\">\n<h2 class=\"wp-block-heading has-text-color has-link-color has-large-font-size wp-elements-4905040c973d150e46d9ab8f6286aecd\" style=\"color:#ff8da1\">Investeeri oma tervisesse<\/h2>\n\n\n\n<p style=\"margin-top:16px\">Baroteraapia eest on hetkel v\u00f5imalik tasuda sularahas v\u00f5i \u00fclekandega.<\/p>\n\n\n\n<p>Hapnikuteraapiasse on v\u00f5imalik osta digitaalsel kujul <strong>kinkekaart<\/strong>. Selleks kirjuta info@hapnikuteraapiakeskus.ee. Kiirema teeninduse tagamiseks helista +372 5816 3388. <\/p>\n\n\n\n<div class=\"wp-block-buttons is-layout-flex wp-block-buttons-is-layout-flex\" style=\"margin-top:var(--wp--preset--spacing--30)\">\n<div class=\"wp-block-button is-style-fill\"><a class=\"wp-block-button__link has-background wp-element-button\" href=\"https:\/\/hapnikuteraapiakeskus.ee\/et\/broneering\/\" style=\"background-color:#fdbac5\"><strong>Broneeri siin<\/strong><\/a><\/div>\n<\/div>\n<\/div>\n<\/div>\n\n\n\n<div class=\"wp-block-column is-layout-flow wp-block-column-is-layout-flow\">\n<div class=\"wp-block-group is-nowrap is-layout-flex wp-container-core-group-is-layout-501511a6 wp-block-group-is-layout-flex\">\n<figure class=\"wp-block-image size-full is-resized ext-aspect-landscape wp-duotone-primary-foreground\"><img loading=\"lazy\" decoding=\"async\" width=\"800\" height=\"800\" src=\"https:\/\/hapnikuteraapiakeskus.ee\/wp-content\/uploads\/2025\/09\/baroteraapia-6.png\" alt=\"\" class=\"wp-image-230\" style=\"object-fit:cover;width:53px;height:auto\" srcset=\"https:\/\/hapnikuteraapiakeskus.ee\/wp-content\/uploads\/2025\/09\/baroteraapia-6.png 800w, https:\/\/hapnikuteraapiakeskus.ee\/wp-content\/uploads\/2025\/09\/baroteraapia-6-300x300.png 300w, https:\/\/hapnikuteraapiakeskus.ee\/wp-content\/uploads\/2025\/09\/baroteraapia-6-150x150.png 150w, https:\/\/hapnikuteraapiakeskus.ee\/wp-content\/uploads\/2025\/09\/baroteraapia-6-768x768.png 768w\" sizes=\"auto, (max-width: 800px) 100vw, 800px\" \/><\/figure>\n\n\n\n<div class=\"wp-block-group wp-container-content-958eb9dc has-global-padding is-layout-constrained wp-block-group-is-layout-constrained\">\n<h3 class=\"wp-block-heading\" style=\"font-size:clamp(14px, 0.875rem + ((1vw - 3.2px) * 0.625), 20px);line-height:1.5\">Hapnikuteraapia 1 h 40 \u20ac<\/h3>\n\n\n\n<p class=\"has-small-font-size\" style=\"margin-top:4px\">Hapnikuteraapia \u00fcks kord kestab umbes 60 minutit. Seoses esimesel korral t\u00e4idetava k\u00fcsimustikuga, v\u00f5ib esimene kord kesta v\u00e4hem. <\/p>\n<\/div>\n<\/div>\n\n\n\n<div class=\"wp-block-group is-nowrap is-layout-flex wp-container-core-group-is-layout-501511a6 wp-block-group-is-layout-flex\">\n<figure class=\"wp-block-image size-full is-resized ext-aspect-landscape wp-duotone-primary-foreground\"><img loading=\"lazy\" decoding=\"async\" width=\"800\" height=\"800\" src=\"https:\/\/hapnikuteraapiakeskus.ee\/wp-content\/uploads\/2025\/09\/baroteraapia-6.png\" alt=\"\" class=\"wp-image-230\" style=\"object-fit:cover;width:53px;height:auto\" srcset=\"https:\/\/hapnikuteraapiakeskus.ee\/wp-content\/uploads\/2025\/09\/baroteraapia-6.png 800w, https:\/\/hapnikuteraapiakeskus.ee\/wp-content\/uploads\/2025\/09\/baroteraapia-6-300x300.png 300w, https:\/\/hapnikuteraapiakeskus.ee\/wp-content\/uploads\/2025\/09\/baroteraapia-6-150x150.png 150w, https:\/\/hapnikuteraapiakeskus.ee\/wp-content\/uploads\/2025\/09\/baroteraapia-6-768x768.png 768w\" sizes=\"auto, (max-width: 800px) 100vw, 800px\" \/><\/figure>\n\n\n\n<div class=\"wp-block-group wp-container-content-958eb9dc has-global-padding is-layout-constrained wp-block-group-is-layout-constrained\">\n<h3 class=\"wp-block-heading\" style=\"font-size:clamp(14px, 0.875rem + ((1vw - 3.2px) * 0.625), 20px);line-height:1.5\">Hapnikuteraapia 1 h 30 min 60 \u20ac<\/h3>\n\n\n\n<p class=\"has-small-font-size\" style=\"margin-top:4px\">Hapnikuteraapia \u00fcks kord kestab umbes 60 minutit. Seoses esimesel korral t\u00e4idetava k\u00fcsimustikuga, v\u00f5ib esimene kord kesta v\u00e4hem. <\/p>\n<\/div>\n<\/div>\n\n\n\n<div class=\"wp-block-group is-nowrap is-layout-flex wp-container-core-group-is-layout-501511a6 wp-block-group-is-layout-flex\">\n<div class=\"wp-block-group has-global-padding is-layout-constrained wp-block-group-is-layout-constrained\">\n<figure class=\"wp-block-image size-full is-resized ext-aspect-landscape wp-duotone-primary-foreground\"><img loading=\"lazy\" decoding=\"async\" width=\"800\" height=\"800\" src=\"https:\/\/hapnikuteraapiakeskus.ee\/wp-content\/uploads\/2025\/09\/baroteraapia-4.png\" alt=\"\" class=\"wp-image-228\" style=\"object-fit:cover;width:53px;height:auto\" srcset=\"https:\/\/hapnikuteraapiakeskus.ee\/wp-content\/uploads\/2025\/09\/baroteraapia-4.png 800w, https:\/\/hapnikuteraapiakeskus.ee\/wp-content\/uploads\/2025\/09\/baroteraapia-4-300x300.png 300w, https:\/\/hapnikuteraapiakeskus.ee\/wp-content\/uploads\/2025\/09\/baroteraapia-4-150x150.png 150w, https:\/\/hapnikuteraapiakeskus.ee\/wp-content\/uploads\/2025\/09\/baroteraapia-4-768x768.png 768w\" sizes=\"auto, (max-width: 800px) 100vw, 800px\" \/><\/figure>\n<\/div>\n\n\n\n<div class=\"wp-block-group wp-container-content-958eb9dc has-global-padding is-layout-constrained wp-block-group-is-layout-constrained\">\n<h3 class=\"wp-block-heading\" style=\"font-size:clamp(14px, 0.875rem + ((1vw - 3.2px) * 0.625), 20px);line-height:1.5\">Hapnikuteraapia 10 korda 350 \u20ac (sessioon 1 h)<\/h3>\n\n\n\n<p class=\"has-small-font-size\" style=\"margin-top:4px\">Me soovitame l\u00e4bida hapnikuteraapiat kuurina, n\u00e4iteks kahe-kolme n\u00e4dala jooksul 10 baroteraapia korda. Teaduslikud uuringud n\u00e4itavad, et kuurina l\u00e4bides on m\u00f5ju hapnikuteraapiast t\u00f5husaim.<\/p>\n<\/div>\n<\/div>\n\n\n\n<div class=\"wp-block-group is-nowrap is-layout-flex wp-container-core-group-is-layout-501511a6 wp-block-group-is-layout-flex\">\n<div class=\"wp-block-group has-global-padding is-layout-constrained wp-block-group-is-layout-constrained\">\n<figure class=\"wp-block-image size-full is-resized ext-aspect-landscape wp-duotone-primary-foreground\"><img loading=\"lazy\" decoding=\"async\" width=\"800\" height=\"800\" src=\"https:\/\/hapnikuteraapiakeskus.ee\/wp-content\/uploads\/2025\/09\/baroteraapia-4.png\" alt=\"\" class=\"wp-image-228\" style=\"object-fit:cover;width:53px;height:auto\" srcset=\"https:\/\/hapnikuteraapiakeskus.ee\/wp-content\/uploads\/2025\/09\/baroteraapia-4.png 800w, https:\/\/hapnikuteraapiakeskus.ee\/wp-content\/uploads\/2025\/09\/baroteraapia-4-300x300.png 300w, https:\/\/hapnikuteraapiakeskus.ee\/wp-content\/uploads\/2025\/09\/baroteraapia-4-150x150.png 150w, https:\/\/hapnikuteraapiakeskus.ee\/wp-content\/uploads\/2025\/09\/baroteraapia-4-768x768.png 768w\" sizes=\"auto, (max-width: 800px) 100vw, 800px\" \/><\/figure>\n<\/div>\n\n\n\n<div class=\"wp-block-group wp-container-content-958eb9dc has-global-padding is-layout-constrained wp-block-group-is-layout-constrained\">\n<h3 class=\"wp-block-heading\" style=\"font-size:clamp(14px, 0.875rem + ((1vw - 3.2px) * 0.625), 20px);line-height:1.5\">Hapnikuteraapia 10 korda 550 \u20ac (sessioon 1 h 30 min)<\/h3>\n\n\n\n<p class=\"has-small-font-size\" style=\"margin-top:4px\">Me soovitame l\u00e4bida hapnikuteraapiat kuurina, n\u00e4iteks kahe-kolme n\u00e4dala jooksul 10 baroteraapia korda. Teaduslikud uuringud n\u00e4itavad, et kuurina l\u00e4bides on m\u00f5ju hapnikuteraapiast t\u00f5husaim.<\/p>\n<\/div>\n<\/div>\n\n\n\n<div class=\"wp-block-group is-nowrap is-layout-flex wp-container-core-group-is-layout-501511a6 wp-block-group-is-layout-flex\">\n<figure class=\"wp-block-image size-full is-resized ext-aspect-landscape wp-duotone-primary-foreground\"><img loading=\"lazy\" decoding=\"async\" width=\"800\" height=\"800\" src=\"https:\/\/hapnikuteraapiakeskus.ee\/wp-content\/uploads\/2025\/09\/baroteraapia-5.png\" alt=\"\" class=\"wp-image-229\" style=\"object-fit:cover;width:53px;height:auto\" srcset=\"https:\/\/hapnikuteraapiakeskus.ee\/wp-content\/uploads\/2025\/09\/baroteraapia-5.png 800w, https:\/\/hapnikuteraapiakeskus.ee\/wp-content\/uploads\/2025\/09\/baroteraapia-5-300x300.png 300w, https:\/\/hapnikuteraapiakeskus.ee\/wp-content\/uploads\/2025\/09\/baroteraapia-5-150x150.png 150w, https:\/\/hapnikuteraapiakeskus.ee\/wp-content\/uploads\/2025\/09\/baroteraapia-5-768x768.png 768w\" sizes=\"auto, (max-width: 800px) 100vw, 800px\" \/><\/figure>\n\n\n\n<div class=\"wp-block-group wp-container-content-958eb9dc has-global-padding is-layout-constrained wp-block-group-is-layout-constrained\">\n<h3 class=\"wp-block-heading\" style=\"font-size:clamp(14px, 0.875rem + ((1vw - 3.2px) * 0.625), 20px);line-height:1.5\">Hapnikuteraapia 20 korda 650 \u20ac (sessioon 1 h)<\/h3>\n\n\n\n<p class=\"has-small-font-size\" style=\"margin-top:4px\">Hapnikuteraapia 20 korra kaart on hea variant oma tervise toetamiseks. Kaart kehtib kuus kuud.<\/p>\n<\/div>\n<\/div>\n\n\n\n<div class=\"wp-block-group is-nowrap is-layout-flex wp-container-core-group-is-layout-501511a6 wp-block-group-is-layout-flex\">\n<figure class=\"wp-block-image size-full is-resized ext-aspect-landscape wp-duotone-primary-foreground\"><img loading=\"lazy\" decoding=\"async\" width=\"800\" height=\"800\" src=\"https:\/\/hapnikuteraapiakeskus.ee\/wp-content\/uploads\/2025\/09\/baroteraapia-5.png\" alt=\"\" class=\"wp-image-229\" style=\"object-fit:cover;width:53px;height:auto\" srcset=\"https:\/\/hapnikuteraapiakeskus.ee\/wp-content\/uploads\/2025\/09\/baroteraapia-5.png 800w, https:\/\/hapnikuteraapiakeskus.ee\/wp-content\/uploads\/2025\/09\/baroteraapia-5-300x300.png 300w, https:\/\/hapnikuteraapiakeskus.ee\/wp-content\/uploads\/2025\/09\/baroteraapia-5-150x150.png 150w, https:\/\/hapnikuteraapiakeskus.ee\/wp-content\/uploads\/2025\/09\/baroteraapia-5-768x768.png 768w\" sizes=\"auto, (max-width: 800px) 100vw, 800px\" \/><\/figure>\n\n\n\n<div class=\"wp-block-group wp-container-content-958eb9dc has-global-padding is-layout-constrained wp-block-group-is-layout-constrained\">\n<h3 class=\"wp-block-heading\" style=\"font-size:clamp(14px, 0.875rem + ((1vw - 3.2px) * 0.625), 20px);line-height:1.5\">Hapnikuteraapia 20 korda 1100 \u20ac (sessioon 1 h 30 min)<\/h3>\n\n\n\n<p class=\"has-small-font-size\" style=\"margin-top:4px\">Hapnikuteraapia 20 korra kaart on hea variant oma tervise toetamiseks. Kaart kehtib kuus kuud.<\/p>\n<\/div>\n<\/div>\n\n\n\n<div class=\"wp-block-group is-nowrap is-layout-flex wp-container-core-group-is-layout-501511a6 wp-block-group-is-layout-flex\">\n<figure class=\"wp-block-image size-full is-resized ext-aspect-landscape wp-duotone-primary-foreground\"><img loading=\"lazy\" decoding=\"async\" width=\"800\" height=\"800\" src=\"https:\/\/hapnikuteraapiakeskus.ee\/wp-content\/uploads\/2025\/09\/baroteraapia-5.png\" alt=\"\" class=\"wp-image-229\" style=\"object-fit:cover;width:53px;height:auto\" srcset=\"https:\/\/hapnikuteraapiakeskus.ee\/wp-content\/uploads\/2025\/09\/baroteraapia-5.png 800w, https:\/\/hapnikuteraapiakeskus.ee\/wp-content\/uploads\/2025\/09\/baroteraapia-5-300x300.png 300w, https:\/\/hapnikuteraapiakeskus.ee\/wp-content\/uploads\/2025\/09\/baroteraapia-5-150x150.png 150w, https:\/\/hapnikuteraapiakeskus.ee\/wp-content\/uploads\/2025\/09\/baroteraapia-5-768x768.png 768w\" sizes=\"auto, (max-width: 800px) 100vw, 800px\" \/><\/figure>\n\n\n\n<div class=\"wp-block-group wp-container-content-958eb9dc has-global-padding is-layout-constrained wp-block-group-is-layout-constrained\">\n<h3 class=\"wp-block-heading\" style=\"font-size:clamp(14px, 0.875rem + ((1vw - 3.2px) * 0.625), 20px);line-height:1.5\">Hapnikuteraapia 30 korda 900 \u20ac (sessioon 1 h)<\/h3>\n\n\n\n<p class=\"has-small-font-size\" style=\"margin-top:4px\">Hapnikuteraapia 30 korra kaart on eriti hea variant oma tervise toetamiseks. Kaart kehtib kuus kuud.<\/p>\n<\/div>\n<\/div>\n\n\n\n<div class=\"wp-block-group is-nowrap is-layout-flex wp-container-core-group-is-layout-501511a6 wp-block-group-is-layout-flex\">\n<figure class=\"wp-block-image size-full is-resized ext-aspect-landscape wp-duotone-primary-foreground\"><img loading=\"lazy\" decoding=\"async\" width=\"800\" height=\"800\" src=\"https:\/\/hapnikuteraapiakeskus.ee\/wp-content\/uploads\/2025\/09\/baroteraapia-5.png\" alt=\"\" class=\"wp-image-229\" style=\"object-fit:cover;width:53px;height:auto\" srcset=\"https:\/\/hapnikuteraapiakeskus.ee\/wp-content\/uploads\/2025\/09\/baroteraapia-5.png 800w, https:\/\/hapnikuteraapiakeskus.ee\/wp-content\/uploads\/2025\/09\/baroteraapia-5-300x300.png 300w, https:\/\/hapnikuteraapiakeskus.ee\/wp-content\/uploads\/2025\/09\/baroteraapia-5-150x150.png 150w, https:\/\/hapnikuteraapiakeskus.ee\/wp-content\/uploads\/2025\/09\/baroteraapia-5-768x768.png 768w\" sizes=\"auto, (max-width: 800px) 100vw, 800px\" \/><\/figure>\n\n\n\n<div class=\"wp-block-group wp-container-content-958eb9dc has-global-padding is-layout-constrained wp-block-group-is-layout-constrained\">\n<h3 class=\"wp-block-heading\" style=\"font-size:clamp(14px, 0.875rem + ((1vw - 3.2px) * 0.625), 20px);line-height:1.5\">Hapnikuteraapia 30 korda 1650 \u20ac (sessioon 1 h 30 min)<\/h3>\n\n\n\n<p class=\"has-small-font-size\" style=\"margin-top:4px\">Hapnikuteraapia 30 korra kaart on eriti hea variant oma tervise toetamiseks. Kaart kehtib kuus kuud.<\/p>\n<\/div>\n<\/div>\n<\/div>\n<\/div>\n<\/div>\n\n\n\n<div class=\"wp-block-group alignfull has-tertiary-background-color has-background has-global-padding is-layout-constrained wp-container-core-group-is-layout-7276a2bb wp-block-group-is-layout-constrained\" style=\"margin-top:0;margin-bottom:0;padding-top:var(--wp--preset--spacing--60);padding-right:var(--wp--preset--spacing--30);padding-bottom:var(--wp--preset--spacing--60);padding-left:var(--wp--preset--spacing--30)\">\n<div class=\"wp-block-group alignwide has-global-padding is-content-justification-center is-layout-constrained wp-block-group-is-layout-constrained\">\n<h2 class=\"wp-block-heading has-text-align-center has-large-font-size\">Kuidas baroteraapia t\u00f6\u00f6tab<\/h2>\n\n\n\n<p class=\"has-text-align-center\" style=\"margin-top:16px\">J\u00e4rgnevalt on toodud sammud, mida baroteraapiast oodata.<\/p>\n<\/div>\n\n\n\n<div class=\"wp-block-columns alignwide is-layout-flex wp-container-core-columns-is-layout-d0846407 wp-block-columns-is-layout-flex\">\n<div class=\"wp-block-column is-layout-flow wp-block-column-is-layout-flow\">\n<div class=\"wp-block-group has-background-background-color has-background has-global-padding is-layout-constrained wp-container-core-group-is-layout-f90d3be4 wp-block-group-is-layout-constrained\" style=\"border-radius:1rem;min-height:100%;padding-top:var(--wp--preset--spacing--40);padding-right:var(--wp--preset--spacing--30);padding-bottom:var(--wp--preset--spacing--40);padding-left:var(--wp--preset--spacing--30)\">\n<div class=\"wp-block-group has-global-padding is-layout-constrained wp-container-core-group-is-layout-03abb0ef wp-block-group-is-layout-constrained\">\n<div class=\"wp-block-group has-background-color has-foreground-background-color has-text-color has-background has-link-color wp-elements-405cc3bf832f30c149604178c62844cf is-vertical is-content-justification-center is-layout-flex wp-container-core-group-is-layout-5da48540 wp-block-group-is-layout-flex\" style=\"border-radius:20rem;min-height:96px;padding-top:var(--wp--preset--spacing--20);padding-right:var(--wp--preset--spacing--20);padding-bottom:var(--wp--preset--spacing--20);padding-left:var(--wp--preset--spacing--20)\">\n<p style=\"font-size:clamp(1.188rem, 1.188rem + ((1vw - 0.2rem) * 1.153), 1.88rem);font-style:normal;font-weight:500\">1<\/p>\n<\/div>\n<\/div>\n\n\n\n<h3 class=\"wp-block-heading has-text-align-center\" style=\"margin-top:24px;font-size:clamp(14px, 0.875rem + ((1vw - 3.2px) * 0.625), 20px);line-height:1.5\">Esimene samm: Konsultatsioon<\/h3>\n\n\n\n<p class=\"has-text-align-center has-small-font-size\" style=\"margin-top:8px\">Alustame esimest seanssi konsultatsiooniga, et kohandada teraapia vastavalt teie vajadustele.<\/p>\n<\/div>\n<\/div>\n\n\n\n<div class=\"wp-block-column is-layout-flow wp-block-column-is-layout-flow\">\n<div class=\"wp-block-group has-background-background-color has-background has-global-padding is-layout-constrained wp-container-core-group-is-layout-f90d3be4 wp-block-group-is-layout-constrained\" style=\"border-radius:1rem;min-height:100%;padding-top:var(--wp--preset--spacing--40);padding-right:var(--wp--preset--spacing--30);padding-bottom:var(--wp--preset--spacing--40);padding-left:var(--wp--preset--spacing--30)\">\n<div class=\"wp-block-group has-global-padding is-layout-constrained wp-container-core-group-is-layout-03abb0ef wp-block-group-is-layout-constrained\">\n<div class=\"wp-block-group has-background-color has-foreground-background-color has-text-color has-background has-link-color wp-elements-b3ac100d08cb6b2f78b3a45bf79429d7 is-vertical is-content-justification-center is-layout-flex wp-container-core-group-is-layout-5da48540 wp-block-group-is-layout-flex\" style=\"border-radius:20rem;min-height:96px;padding-top:var(--wp--preset--spacing--20);padding-right:var(--wp--preset--spacing--20);padding-bottom:var(--wp--preset--spacing--20);padding-left:var(--wp--preset--spacing--20)\">\n<p style=\"font-size:clamp(1.188rem, 1.188rem + ((1vw - 0.2rem) * 1.153), 1.88rem);font-style:normal;font-weight:500\">2<\/p>\n<\/div>\n<\/div>\n\n\n\n<h3 class=\"wp-block-heading has-text-align-center\" style=\"margin-top:24px;font-size:clamp(14px, 0.875rem + ((1vw - 3.2px) * 0.625), 20px);line-height:1.5\">Teine samm: Teraapiaseanss<\/h3>\n\n\n\n<p class=\"has-text-align-center has-small-font-size\" style=\"margin-top:8px\">Seansil hingate puhast hapnikku barokambris, kus hapnik manustatuna k\u00f5rgendatud r\u00f5hul aitab parandada teie keha taastumisv\u00f5imet ja \u00fcldist heaolu.<\/p>\n<\/div>\n<\/div>\n\n\n\n<div class=\"wp-block-column is-layout-flow wp-block-column-is-layout-flow\">\n<div class=\"wp-block-group has-background-background-color has-background has-global-padding is-layout-constrained wp-container-core-group-is-layout-f90d3be4 wp-block-group-is-layout-constrained\" style=\"border-radius:1rem;min-height:100%;padding-top:var(--wp--preset--spacing--40);padding-right:var(--wp--preset--spacing--30);padding-bottom:var(--wp--preset--spacing--40);padding-left:var(--wp--preset--spacing--30)\">\n<div class=\"wp-block-group has-global-padding is-layout-constrained wp-container-core-group-is-layout-03abb0ef wp-block-group-is-layout-constrained\">\n<div class=\"wp-block-group has-border-color has-tertiary-border-color has-background-color has-foreground-background-color has-text-color has-background has-link-color wp-elements-7f2641ce2fcfce73982d67a6b941939c is-vertical is-content-justification-center is-layout-flex wp-container-core-group-is-layout-5da48540 wp-block-group-is-layout-flex\" style=\"border-width:1px;border-radius:20rem;min-height:96px;padding-top:var(--wp--preset--spacing--20);padding-right:var(--wp--preset--spacing--20);padding-bottom:var(--wp--preset--spacing--20);padding-left:var(--wp--preset--spacing--20)\">\n<p style=\"font-size:clamp(1.188rem, 1.188rem + ((1vw - 0.2rem) * 1.153), 1.88rem);font-style:normal;font-weight:500\">3<\/p>\n<\/div>\n<\/div>\n\n\n\n<h3 class=\"wp-block-heading has-text-align-center\" style=\"margin-top:24px;font-size:clamp(14px, 0.875rem + ((1vw - 3.2px) * 0.625), 20px);line-height:1.5\">Kolmas samm: edasine plaan<\/h3>\n\n\n\n<p class=\"has-text-align-center has-small-font-size\" style=\"margin-top:8px\">P\u00e4rast seanssi anname soovitusi edasisteks sammudeks, et teraapia m\u00f5ju oleks maksimaalne ning toetada teie teekonda.<\/p>\n<\/div>\n<\/div>\n<\/div>\n\n\n\n<div class=\"wp-block-buttons is-content-justification-center is-layout-flex wp-container-core-buttons-is-layout-a89b3969 wp-block-buttons-is-layout-flex\">\n<div class=\"wp-block-button is-style-fill\"><a class=\"wp-block-button__link has-background wp-element-button\" href=\"https:\/\/hapnikuteraapiakeskus.ee\/wp-admin\/post.php?post=38&amp;action=edit\" style=\"background-color:#fdbac5\"><strong>Broneeri siin<\/strong><\/a><\/div>\n<\/div>\n<\/div>\n\n\n\n<div class=\"wp-block-group alignfull has-background-background-color has-background has-global-padding is-layout-constrained wp-container-core-group-is-layout-7276a2bb wp-block-group-is-layout-constrained\" style=\"margin-top:0;margin-bottom:0;padding-top:var(--wp--preset--spacing--60);padding-right:var(--wp--preset--spacing--30);padding-bottom:var(--wp--preset--spacing--60);padding-left:var(--wp--preset--spacing--30)\">\n<div class=\"wp-block-cover alignwide is-light\" style=\"border-radius:1.5rem;min-height:30vh;aspect-ratio:unset;\"><img loading=\"lazy\" decoding=\"async\" width=\"1024\" height=\"341\" class=\"wp-block-cover__image-background wp-image-272 size-large\" alt=\"\" src=\"https:\/\/hapnikuteraapiakeskus.ee\/wp-content\/uploads\/2025\/09\/Hapnikuteraapia-keskus_HBOT-2-1024x341.png\" data-object-fit=\"cover\" srcset=\"https:\/\/hapnikuteraapiakeskus.ee\/wp-content\/uploads\/2025\/09\/Hapnikuteraapia-keskus_HBOT-2-1024x341.png 1024w, https:\/\/hapnikuteraapiakeskus.ee\/wp-content\/uploads\/2025\/09\/Hapnikuteraapia-keskus_HBOT-2-300x100.png 300w, https:\/\/hapnikuteraapiakeskus.ee\/wp-content\/uploads\/2025\/09\/Hapnikuteraapia-keskus_HBOT-2-768x256.png 768w, https:\/\/hapnikuteraapiakeskus.ee\/wp-content\/uploads\/2025\/09\/Hapnikuteraapia-keskus_HBOT-2-1536x512.png 1536w, https:\/\/hapnikuteraapiakeskus.ee\/wp-content\/uploads\/2025\/09\/Hapnikuteraapia-keskus_HBOT-2-2048x683.png 2048w\" sizes=\"auto, (max-width: 1024px) 100vw, 1024px\" \/><span aria-hidden=\"true\" class=\"wp-block-cover__background has-background-dim-0 has-background-dim\" style=\"background-color:#a79283\"><\/span><div class=\"wp-block-cover__inner-container is-layout-flow wp-block-cover-is-layout-flow\">\n<div style=\"height:100px\" aria-hidden=\"true\" class=\"wp-block-spacer\"><\/div>\n<\/div><\/div>\n<\/div>\n","protected":false},"excerpt":{"rendered":"<p>Investeeri oma tervisesse Baroteraapia eest on hetkel v\u00f5imalik tasuda sularahas v\u00f5i \u00fclekandega. Hapnikuteraapiasse on v\u00f5imalik osta digitaalsel kujul kinkekaart. Selleks kirjuta info@hapnikuteraapiakeskus.ee. Kiirema teeninduse tagamiseks helista +372 5816 3388. Hapnikuteraapia 1 h 40 \u20ac Hapnikuteraapia \u00fcks kord kestab umbes 60 minutit. Seoses esimesel korral t\u00e4idetava k\u00fcsimustikuga, v\u00f5ib esimene kord kesta v\u00e4hem. Hapnikuteraapia 1 h 30 [&hellip;]<\/p>\n","protected":false},"author":1,"featured_media":0,"parent":0,"menu_order":0,"comment_status":"closed","ping_status":"closed","template":"page-with-title","meta":{"footnotes":""},"class_list":["post-37","page","type-page","status-publish","hentry"],"aioseo_notices":[],"_links":{"self":[{"href":"https:\/\/hapnikuteraapiakeskus.ee\/et\/wp-json\/wp\/v2\/pages\/37","targetHints":{"allow":["GET"]}}],"collection":[{"href":"https:\/\/hapnikuteraapiakeskus.ee\/et\/wp-json\/wp\/v2\/pages"}],"about":[{"href":"https:\/\/hapnikuteraapiakeskus.ee\/et\/wp-json\/wp\/v2\/types\/page"}],"author":[{"embeddable":true,"href":"https:\/\/hapnikuteraapiakeskus.ee\/et\/wp-json\/wp\/v2\/users\/1"}],"replies":[{"embeddable":true,"href":"https:\/\/hapnikuteraapiakeskus.ee\/et\/wp-json\/wp\/v2\/comments?post=37"}],"version-history":[{"count":26,"href":"https:\/\/hapnikuteraapiakeskus.ee\/et\/wp-json\/wp\/v2\/pages\/37\/revisions"}],"predecessor-version":[{"id":584,"href":"https:\/\/hapnikuteraapiakeskus.ee\/et\/wp-json\/wp\/v2\/pages\/37\/revisions\/584"}],"wp:attachment":[{"href":"https:\/\/hapnikuteraapiakeskus.ee\/et\/wp-json\/wp\/v2\/media?parent=37"}],"curies":[{"name":"wp","href":"https:\/\/api.w.org\/{rel}","templated":true}]}}