{"id":47,"date":"2025-08-29T07:49:46","date_gmt":"2025-08-29T07:49:46","guid":{"rendered":"https:\/\/hapnikuteraapiakeskus.ee\/?page_id=47"},"modified":"2025-10-23T22:20:41","modified_gmt":"2025-10-23T22:20:41","slug":"mis-on-hapnikuteraapia-ehk-baroteraapia","status":"publish","type":"page","link":"https:\/\/hapnikuteraapiakeskus.ee\/et\/mis-on-hapnikuteraapia-ehk-baroteraapia\/","title":{"rendered":"K\u00f5ik hapnikuteraapiast ehk baroteraapiast"},"content":{"rendered":"\n<p><\/p>\n\n\n\n<div class=\"wp-block-group alignfull has-background-background-color has-background has-global-padding is-layout-constrained wp-container-core-group-is-layout-7276a2bb wp-block-group-is-layout-constrained\" style=\"margin-top:0;margin-bottom:0;padding-top:var(--wp--preset--spacing--60);padding-right:var(--wp--preset--spacing--30);padding-bottom:var(--wp--preset--spacing--60);padding-left:var(--wp--preset--spacing--30)\">\n<div class=\"wp-block-group alignwide has-global-padding is-content-justification-center is-layout-constrained wp-block-group-is-layout-constrained\">\n<h2 class=\"wp-block-heading has-text-align-center has-text-color has-link-color has-large-font-size wp-elements-59e9a815904960ab42289793345d51e7\" style=\"color:#ff8da1\">H\u00fcperbaariline hapnikuteraapia ehk baroteraapia ehk HBOT on meetod, mille k\u00e4igus patsient hingab hapnikuteraapia kambris r\u00f5hu all puhast hapnikku.<\/h2>\n\n\n\n<p class=\"has-text-align-center\" style=\"margin-top:16px\">Teraapia suurendab hapniku hulka veres ja kudedes, aidates organismil kiiremini taastuda ning v\u00f5idelda infektsioonide ja p\u00f5letikega. Baroteraapiat kasutatakse sageli haavade paranemise kiirendamiseks, pikk-covid leevendamiseks ja teatud neuroloogiliste seisundite puhul. Teraapia kestus on umbes 1 h. Teraapiat soovitame l\u00e4bida kuurina (10, 20 v\u00f5i 40 korda).<\/p>\n<\/div>\n\n\n\n<div class=\"wp-block-columns alignwide has-tertiary-background-color has-background is-layout-flex wp-container-core-columns-is-layout-859d5df2 wp-block-columns-is-layout-flex\" style=\"border-radius:1.5rem;padding-top:1.5rem;padding-right:1.5rem;padding-bottom:1.5rem;padding-left:1.5rem\">\n<div class=\"wp-block-column is-layout-flow wp-block-column-is-layout-flow\">\n<figure class=\"wp-block-image size-large has-custom-border\"><img loading=\"lazy\" decoding=\"async\" width=\"1024\" height=\"768\" src=\"https:\/\/hapnikuteraapiakeskus.ee\/wp-content\/uploads\/2025\/09\/Hapnikuteraapia_kamber-1024x768.jpg\" alt=\"\" class=\"wp-image-237\" style=\"border-radius:1.5rem;aspect-ratio:4\/3;object-fit:cover\" srcset=\"https:\/\/hapnikuteraapiakeskus.ee\/wp-content\/uploads\/2025\/09\/Hapnikuteraapia_kamber-1024x768.jpg 1024w, https:\/\/hapnikuteraapiakeskus.ee\/wp-content\/uploads\/2025\/09\/Hapnikuteraapia_kamber-300x225.jpg 300w, https:\/\/hapnikuteraapiakeskus.ee\/wp-content\/uploads\/2025\/09\/Hapnikuteraapia_kamber-768x576.jpg 768w, https:\/\/hapnikuteraapiakeskus.ee\/wp-content\/uploads\/2025\/09\/Hapnikuteraapia_kamber.jpg 1280w\" sizes=\"auto, (max-width: 1024px) 100vw, 1024px\" \/><\/figure>\n<\/div>\n\n\n\n<div class=\"wp-block-column is-vertically-aligned-center is-layout-flow wp-block-column-is-layout-flow\">\n<div class=\"wp-block-group has-global-padding is-layout-constrained wp-block-group-is-layout-constrained\">\n<h3 class=\"wp-block-heading has-text-color has-link-color wp-elements-5abb95f33406443763282019ce2a6978\" style=\"color:#ff8da1;font-size:clamp(1.188rem, 1.188rem + ((1vw - 0.2rem) * 1.153), 1.88rem);line-height:1.5\">Miks tulla hapnikuteraapiasse?<\/h3>\n<\/div>\n\n\n\n<ul class=\"wp-block-list\">\n<li>Tugevdab organismi p\u00f5hifunktsioone ja suurendab energiataset;<\/li>\n\n\n\n<li>Toetab immuuns\u00fcsteemi ning aitab organismil v\u00f5idelda infektsioonidega;<\/li>\n\n\n\n<li>Soodustab uute veresoonte arengut ja hapniku paremat omastamist;<\/li>\n\n\n\n<li>Aitab kehal vabaneda j\u00e4\u00e4kainetest ning parandab naha tervist;<\/li>\n\n\n\n<li>Aitab kaasa taastumisele p\u00e4rast treeningut ja haigusi;<\/li>\n\n\n\n<li>Aitab kaasa kiiritus- ja keemiaravst taastumisel;<\/li>\n\n\n\n<li>M\u00f5jub vananemisvastaselt;<\/li>\n\n\n\n<li>Aitab taastuda kroonilisest v\u00e4simusest ja pikk-covidist. <\/li>\n<\/ul>\n<\/div>\n<\/div>\n\n\n\n<div class=\"wp-block-columns alignwide has-tertiary-background-color has-background is-layout-flex wp-container-core-columns-is-layout-859d5df2 wp-block-columns-is-layout-flex\" style=\"border-radius:1.5rem;padding-top:1.5rem;padding-right:1.5rem;padding-bottom:1.5rem;padding-left:1.5rem\">\n<div class=\"wp-block-column is-vertically-aligned-center is-layout-flow wp-block-column-is-layout-flow\">\n<div class=\"wp-block-group has-global-padding is-layout-constrained wp-block-group-is-layout-constrained\">\n<h3 class=\"wp-block-heading has-text-color has-link-color wp-elements-0e798a48418c38f9d2a1f4dd1520bfd9\" style=\"color:#ff8da1;font-size:clamp(1.188rem, 1.188rem + ((1vw - 0.2rem) * 1.153), 1.88rem);line-height:1.5\">Mida oodata hapnikuteraapias?<\/h3>\n\n\n\n<p style=\"margin-top:8px\"><\/p>\n\n\n\n<p style=\"margin-top:8px\">Kambrisse sisenetakse oma tavariietes, sessioon kestab umbes 1 h. Esimesel seansil t\u00e4idetakse kliendi n\u00f5usolekuleht ja sellest tulenevalt v\u00f5ib esmane sessioon kesta v\u00e4hem. Hapniku manustatakse kas maski v\u00f5i ninakan\u00fc\u00fcliga (kliendi enda valik). Hapnikukambris saad puhata, teha l\u00e4pakas\/telefonis t\u00f6\u00f6d v\u00f5i lugeda.<\/p>\n\n\n\n<p style=\"margin-top:8px\">R\u00f5hu alla minnes ja r\u00f5hu alt tulles v\u00f5id tunda k\u00f5rvades sarnast survetunnet nagu lennukiga lennates. Survetunnet aitab leevendada neelatamine, puhumine ja teised meetodid, mis just Sinul n\u00e4iteks lennukiga lennates toimivad.<\/p>\n<\/div>\n<\/div>\n\n\n\n<div class=\"wp-block-column is-layout-flow wp-block-column-is-layout-flow\">\n<figure class=\"wp-block-image size-large has-custom-border\"><img loading=\"lazy\" decoding=\"async\" width=\"1024\" height=\"498\" src=\"https:\/\/hapnikuteraapiakeskus.ee\/wp-content\/uploads\/2025\/08\/hapnikuteraapiakeskus-1024x498.jpg\" alt=\"\" class=\"wp-image-129\" style=\"border-radius:1.5rem;aspect-ratio:4\/3;object-fit:cover\" srcset=\"https:\/\/hapnikuteraapiakeskus.ee\/wp-content\/uploads\/2025\/08\/hapnikuteraapiakeskus-1024x498.jpg 1024w, https:\/\/hapnikuteraapiakeskus.ee\/wp-content\/uploads\/2025\/08\/hapnikuteraapiakeskus-300x146.jpg 300w, https:\/\/hapnikuteraapiakeskus.ee\/wp-content\/uploads\/2025\/08\/hapnikuteraapiakeskus-768x374.jpg 768w, https:\/\/hapnikuteraapiakeskus.ee\/wp-content\/uploads\/2025\/08\/hapnikuteraapiakeskus.jpg 1484w\" sizes=\"auto, (max-width: 1024px) 100vw, 1024px\" \/><\/figure>\n<\/div>\n<\/div>\n\n\n\n<div class=\"wp-block-columns alignwide has-tertiary-background-color has-background is-layout-flex wp-container-core-columns-is-layout-859d5df2 wp-block-columns-is-layout-flex\" style=\"border-radius:1.5rem;padding-top:1.5rem;padding-right:1.5rem;padding-bottom:1.5rem;padding-left:1.5rem\">\n<div class=\"wp-block-column is-layout-flow wp-block-column-is-layout-flow\">\n<figure class=\"wp-block-image has-custom-border\"><img loading=\"lazy\" decoding=\"async\" width=\"1024\" height=\"1024\" src=\"https:\/\/hapnikuteraapiakeskus.ee\/wp-content\/uploads\/2025\/08\/image-1.jpg\" alt=\"\" class=\"wp-image-110\" style=\"border-radius:1.5rem;aspect-ratio:4\/3;object-fit:cover\" srcset=\"https:\/\/hapnikuteraapiakeskus.ee\/wp-content\/uploads\/2025\/08\/image-1.jpg 1024w, https:\/\/hapnikuteraapiakeskus.ee\/wp-content\/uploads\/2025\/08\/image-1-300x300.jpg 300w, https:\/\/hapnikuteraapiakeskus.ee\/wp-content\/uploads\/2025\/08\/image-1-150x150.jpg 150w, https:\/\/hapnikuteraapiakeskus.ee\/wp-content\/uploads\/2025\/08\/image-1-768x768.jpg 768w\" sizes=\"auto, (max-width: 1024px) 100vw, 1024px\" \/><\/figure>\n<\/div>\n\n\n\n<div class=\"wp-block-column is-vertically-aligned-center is-layout-flow wp-block-column-is-layout-flow\">\n<div class=\"wp-block-group has-global-padding is-layout-constrained wp-block-group-is-layout-constrained\">\n<h3 class=\"wp-block-heading has-text-color has-link-color wp-elements-ddb8e591a125606754b98058d7cc412f\" style=\"color:#ff8da1;font-size:clamp(1.188rem, 1.188rem + ((1vw - 0.2rem) * 1.153), 1.88rem);line-height:1.5\">Kuidas arvestame baroteraapias Sinu vajadustega?<\/h3>\n\n\n\n<p>Pakume baroteraapiat k\u00f5va kestaga kambris. L\u00e4bi suure hapnikuteraapia kambri klaasi on v\u00f5imalik j\u00e4lgida \u00fcmbrust ja suhelda kambrisisese telefoni teel baroteraapia spetsialistiga.<\/p>\n\n\n\n<p>R\u00f5hu alla minnes saab spetsialist muuta r\u00f5hu alla mineku kiirust, k\u00f5rgust ning teha r\u00f5hu alla minekul pause. <\/p>\n\n\n\n<p style=\"margin-top:8px\">&nbsp;<\/p>\n<\/div>\n<\/div>\n<\/div>\n\n\n\n<div class=\"wp-block-buttons is-content-justification-center is-layout-flex wp-container-core-buttons-is-layout-f1909aef wp-block-buttons-is-layout-flex\">\n<div class=\"wp-block-button\"><a class=\"wp-block-button__link has-background wp-element-button\" href=\"https:\/\/hapnikuteraapiakeskus.ee\/et\/broneering\/\" style=\"background-color:#fdbac5\"><strong>Broneeri siin<\/strong><\/a><\/div>\n<\/div>\n<\/div>\n\n\n\n<div class=\"wp-block-group alignfull has-background-background-color has-background has-global-padding is-layout-constrained wp-container-core-group-is-layout-7276a2bb wp-block-group-is-layout-constrained\" style=\"border-top-width:1px;margin-top:0;margin-bottom:0;padding-top:var(--wp--preset--spacing--60);padding-right:var(--wp--preset--spacing--30);padding-bottom:var(--wp--preset--spacing--60);padding-left:var(--wp--preset--spacing--30)\">\n<div class=\"wp-block-group alignwide has-global-padding is-content-justification-center is-layout-constrained wp-block-group-is-layout-constrained\">\n<h2 class=\"wp-block-heading has-text-align-center has-text-color has-link-color has-large-font-size wp-elements-e58b13a22b76d33185923799e62ff470\" style=\"color:#ff8da1\">Millal hapnikuteraapia Sulle ei sobi?<\/h2>\n<\/div>\n\n\n\n<div class=\"wp-block-columns alignwide is-layout-flex wp-container-core-columns-is-layout-28f84493 wp-block-columns-is-layout-flex\">\n<div class=\"wp-block-column is-vertically-aligned-stretch is-layout-flow wp-block-column-is-layout-flow\">\n<div class=\"wp-block-group has-global-padding is-layout-constrained wp-container-core-group-is-layout-da604d14 wp-block-group-is-layout-constrained\" style=\"border-width:1px;min-height:100%;padding-top:0;padding-right:0;padding-bottom:0;padding-left:0\">\n<div class=\"wp-block-group is-content-justification-center is-nowrap is-layout-flex wp-container-core-group-is-layout-7ca5d355 wp-block-group-is-layout-flex\" style=\"padding-top:var(--wp--preset--spacing--20);padding-right:var(--wp--preset--spacing--20);padding-bottom:var(--wp--preset--spacing--20);padding-left:var(--wp--preset--spacing--20)\">\n<figure class=\"wp-block-image size-large is-resized wp-container-content-fd3097a4 wp-duotone-primary-and-secondary\"><img decoding=\"async\" src=\"data:image\/svg+xml;base64,PHN2ZyB4bWxucz0iaHR0cDovL3d3dy53My5vcmcvMjAwMC9zdmciIGhlaWdodD0iNDhweCIgdmlld0JveD0iMCAtOTYwIDk2MCA5NjAiIHdpZHRoPSI0OHB4IiBmaWxsPSIjMWUxZTFlIj48cGF0aCBkPSJNMjI5LjkxLTE2MHEtMjguOTEgMC00OS40MS0yMC41OS0yMC41LTIwLjU5LTIwLjUtNDkuNXQyMC41OS00OS40MXEyMC41OS0yMC41IDQ5LjUtMjAuNXQ0OS40MSAyMC41OXEyMC41IDIwLjU5IDIwLjUgNDkuNXQtMjAuNTkgNDkuNDFxLTIwLjU5IDIwLjUtNDkuNSAyMC41Wm0zMzUgMHEtMjguOTEgMC00OS40MS0yMC41OS0yMC41LTIwLjU5LTIwLjUtNDkuNXQyMC41OS00OS40MXEyMC41OS0yMC41IDQ5LjUtMjAuNXQ0OS40MSAyMC41OXEyMC41IDIwLjU5IDIwLjUgNDkuNXQtMjAuNTkgNDkuNDFxLTIwLjU5IDIwLjUtNDkuNSAyMC41Wm0tMTcwLTE2NXEtMjguOTEgMC00OS40MS0yMC41OS0yMC41LTIwLjU5LTIwLjUtNDkuNXQyMC41OS00OS40MXEyMC41OS0yMC41IDQ5LjUtMjAuNXQ0OS40MSAyMC41OXEyMC41IDIwLjU5IDIwLjUgNDkuNXQtMjAuNTkgNDkuNDFxLTIwLjU5IDIwLjUtNDkuNSAyMC41Wm0zMzUgMHEtMjguOTEgMC00OS40MS0yMC41OS0yMC41LTIwLjU5LTIwLjUtNDkuNXQyMC41OS00OS40MXEyMC41OS0yMC41IDQ5LjUtMjAuNXQ0OS40MSAyMC41OXEyMC41IDIwLjU5IDIwLjUgNDkuNXQtMjAuNTkgNDkuNDFxLTIwLjU5IDIwLjUtNDkuNSAyMC41Wm0tNTAwLTE3MHEtMjguOTEgMC00OS40MS0yMC41OS0yMC41LTIwLjU5LTIwLjUtNDkuNXQyMC41OS00OS40MXEyMC41OS0yMC41IDQ5LjUtMjAuNXQ0OS40MSAyMC41OXEyMC41IDIwLjU5IDIwLjUgNDkuNXQtMjAuNTkgNDkuNDFxLTIwLjU5IDIwLjUtNDkuNSAyMC41Wm0zMzUgMHEtMjguOTEgMC00OS40MS0yMC41OS0yMC41LTIwLjU5LTIwLjUtNDkuNXQyMC41OS00OS40MXEyMC41OS0yMC41IDQ5LjUtMjAuNXQ0OS40MSAyMC41OXEyMC41IDIwLjU5IDIwLjUgNDkuNXQtMjAuNTkgNDkuNDFxLTIwLjU5IDIwLjUtNDkuNSAyMC41Wm0tMTcwLTE2NXEtMjguOTEgMC00OS40MS0yMC41OS0yMC41LTIwLjU5LTIwLjUtNDkuNXQyMC41OS00OS40MXEyMC41OS0yMC41IDQ5LjUtMjAuNXQ0OS40MSAyMC41OXEyMC41IDIwLjU5IDIwLjUgNDkuNXQtMjAuNTkgNDkuNDFxLTIwLjU5IDIwLjUtNDkuNSAyMC41Wm0zMzUgMHEtMjguOTEgMC00OS40MS0yMC41OS0yMC41LTIwLjU5LTIwLjUtNDkuNXQyMC41OS00OS40MXEyMC41OS0yMC41IDQ5LjUtMjAuNXQ0OS40MSAyMC41OXEyMC41IDIwLjU5IDIwLjUgNDkuNXQtMjAuNTkgNDkuNDFxLTIwLjU5IDIwLjUtNDkuNSAyMC41WiIvPjwvc3ZnPg==\" alt=\"\" style=\"object-fit:cover;width:48px;height:auto\"\/><\/figure>\n\n\n\n<h3 class=\"wp-block-heading has-text-align-center\" style=\"font-size:clamp(0.875rem, 0.875rem + ((1vw - 0.2rem) * 0.625), 1.25rem);line-height:1.5\">\u00dcldiselt on hapnikuteraapia turvaline, kuid baroteraapiat ei paku me j\u00e4rgmistel juhtudel:<\/h3>\n<\/div>\n\n\n\n<div class=\"wp-block-group has-global-padding is-layout-constrained wp-container-core-group-is-layout-80fb368b wp-block-group-is-layout-constrained\" style=\"border-top-width:1px;padding-top:var(--wp--preset--spacing--30);padding-right:var(--wp--preset--spacing--30);padding-bottom:var(--wp--preset--spacing--30);padding-left:var(--wp--preset--spacing--30)\">\n<ul class=\"wp-block-list\">\n<li>s\u00fcdamestimulaator;<\/li>\n\n\n\n<li>klaustrofoobia ehk hirm suletud ruumide ees;<\/li>\n\n\n\n<li>suu\u00f5\u00f5ne ja nina k\u00f5rvalurgete kanalite l\u00e4bitavuse h\u00e4ired. H\u00e4ired v\u00f5ivad olla anatoomilised v\u00f5i tingitud kroonilisest p\u00f5letikust (nt. p\u00f5skkoopap\u00f5letik);<\/li>\n\n\n\n<li>\u00e4gedad hingamisteede haigused, millega kaasneb k\u00f6ha, nohu, kurguvalu ja ninakinnisus;<\/li>\n\n\n\n<li>palavik v\u00f5i muud haigustunnused;<\/li>\n\n\n\n<li>k\u00f5rgenenud verer\u00f5hk (\u00fcle 170\/90mmHg), mis ei allu ravile.<\/li>\n\n\n\n<li>hingamisorganite rasked kroonilised haigused: kopsufibroos, \u00f5hkrind, emf\u00fcseem, kopsuabstsessid;<\/li>\n\n\n\n<li>epilepsia;&nbsp;<\/li>\n\n\n\n<li>rasedus.<\/li>\n<\/ul>\n\n\n\n<h3 class=\"wp-block-heading has-text-align-center\" style=\"font-size:clamp(0.875rem, 0.875rem + ((1vw - 0.2rem) * 0.625), 1.25rem);line-height:1.5\">Kui kahtled, kas hapnikuteraapia v\u00f5iks Sulle sobida, konsulteeri oma pere- v\u00f5i raviarstiga.<\/h3>\n<\/div>\n<\/div>\n<\/div>\n<\/div>\n<\/div>\n","protected":false},"excerpt":{"rendered":"<p>H\u00fcperbaariline hapnikuteraapia ehk baroteraapia ehk HBOT on meetod, mille k\u00e4igus patsient hingab hapnikuteraapia kambris r\u00f5hu all puhast hapnikku. Teraapia suurendab hapniku hulka veres ja kudedes, aidates organismil kiiremini taastuda ning v\u00f5idelda infektsioonide ja p\u00f5letikega. Baroteraapiat kasutatakse sageli haavade paranemise kiirendamiseks, pikk-covid leevendamiseks ja teatud neuroloogiliste seisundite puhul. Teraapia kestus on umbes 1 h. Teraapiat soovitame [&hellip;]<\/p>\n","protected":false},"author":1,"featured_media":0,"parent":0,"menu_order":0,"comment_status":"closed","ping_status":"closed","template":"page-with-title","meta":{"footnotes":""},"class_list":["post-47","page","type-page","status-publish","hentry"],"aioseo_notices":[],"_links":{"self":[{"href":"https:\/\/hapnikuteraapiakeskus.ee\/et\/wp-json\/wp\/v2\/pages\/47","targetHints":{"allow":["GET"]}}],"collection":[{"href":"https:\/\/hapnikuteraapiakeskus.ee\/et\/wp-json\/wp\/v2\/pages"}],"about":[{"href":"https:\/\/hapnikuteraapiakeskus.ee\/et\/wp-json\/wp\/v2\/types\/page"}],"author":[{"embeddable":true,"href":"https:\/\/hapnikuteraapiakeskus.ee\/et\/wp-json\/wp\/v2\/users\/1"}],"replies":[{"embeddable":true,"href":"https:\/\/hapnikuteraapiakeskus.ee\/et\/wp-json\/wp\/v2\/comments?post=47"}],"version-history":[{"count":31,"href":"https:\/\/hapnikuteraapiakeskus.ee\/et\/wp-json\/wp\/v2\/pages\/47\/revisions"}],"predecessor-version":[{"id":368,"href":"https:\/\/hapnikuteraapiakeskus.ee\/et\/wp-json\/wp\/v2\/pages\/47\/revisions\/368"}],"wp:attachment":[{"href":"https:\/\/hapnikuteraapiakeskus.ee\/et\/wp-json\/wp\/v2\/media?parent=47"}],"curies":[{"name":"wp","href":"https:\/\/api.w.org\/{rel}","templated":true}]}}